{"id":8591,"date":"2014-01-30T11:06:06","date_gmt":"2014-01-30T09:06:06","guid":{"rendered":"http:\/\/castle.pri.ee\/?page_id=8591"},"modified":"2015-05-13T08:39:39","modified_gmt":"2015-05-13T06:39:39","slug":"%d0%bc%d1%83%d0%b7%d1%8b%d0%ba%d0%b0-8-%d0%ba%d0%bb%d0%b0%d1%81%d1%81","status":"publish","type":"page","link":"http:\/\/castle.pri.ee\/?page_id=8591","title":{"rendered":"\u041c\u0423\u0417\u042b\u041a\u0410 8 \u043a\u043b\u0430\u0441\u0441"},"content":{"rendered":"<h3 style=\"text-align: center;\">\u0412\u0435\u043d\u0441\u043a\u0438\u0435 \u043a\u043b\u0430\u0441\u0441\u0438\u043a\u0438 8 \u043a\u043b\u0430\u0441\u0441<\/h3>\n<p><a href=\"http:\/\/castle.pri.ee\/wp-content\/uploads\/2014\/01\/Beethoven-8-kl.ppt\">Beethoven 8 kl<\/a><\/p>\n<p><a href=\"http:\/\/castle.pri.ee\/wp-content\/uploads\/2014\/01\/Haydn-8-kl.ppt\">Haydn 8 kl<\/a><\/p>\n<p><a href=\"http:\/\/castle.pri.ee\/wp-content\/uploads\/2014\/01\/Klassitsism-8-kl.ppt\">Klassitsism 8 kl<\/a><\/p>\n<p><a href=\"http:\/\/castle.pri.ee\/wp-content\/uploads\/2014\/01\/Presentation1\u043c\u043e\u0446\u0430\u0440\u0442.ppt\">Presentation1\u043c\u043e\u0446\u0430\u0440\u0442<\/a><\/p>\n<p><a href=\"http:\/\/castle.pri.ee\/wp-content\/uploads\/2014\/01\/Viini-klassikud.-tabel-ja-k\u00fcsimused.doc\">Viini klassikud. tabel ja k\u00fcsimused<\/a><\/p>\n<h3 style=\"text-align: center;\">\u041c\u0423\u0417\u042b\u041a\u0410 \u0417\u0410\u041f\u0410\u0414\u041d\u041e\u0419 \u0415\u0412\u0420\u041e\u041f\u042b<\/h3>\n<h3>8 \u043a\u043b\u0430\u0441\u0441<\/h3>\n<h4><a href=\"http:\/\/castle.pri.ee\/wp-content\/uploads\/2012\/10\/keskaeg.8-kl..ppt\">keskaeg.8 kl.<\/a><\/h4>\n<h4><a href=\"http:\/\/castle.pri.ee\/wp-content\/uploads\/2012\/10\/Vanakreeka-mu-usika.-8-kl..ppt\">Vanakreeka muusika. 8 kl.<\/a><\/h4>\n<h3 style=\"text-align: center;\">\u0411\u0430\u0440\u043e\u043a\u043a\u043e 3\u0447\u0435\u0442\u0432\u0435\u0440\u0442\u044c<\/h3>\n<p><a href=\"http:\/\/castle.pri.ee\/wp-content\/uploads\/2014\/01\/8-kl.-barrokko.doc.4.ppt\">8 kl. barrokko.doc.4<\/a><\/p>\n<p><a href=\"http:\/\/castle.pri.ee\/wp-content\/uploads\/2014\/01\/8.kl_.-barokimuusika.doc.5.ppt\">8.kl. barokimuusika.doc.5<\/a><\/p>\n<p><a href=\"http:\/\/castle.pri.ee\/wp-content\/uploads\/2014\/01\/8.kl_.-Vivaldi.-doc.6.ppt\">8.kl. Vivaldi. doc.6<\/a><\/p>\n<p><a href=\"http:\/\/castle.pri.ee\/wp-content\/uploads\/2014\/01\/Doc.9.-8-kl.-Itogovaja-rabota-III-verand.doc\">Doc.9,. 8 kl. Itogovaja rabota III verand<\/a><\/p>\n<p><a href=\"http:\/\/castle.pri.ee\/wp-content\/uploads\/2014\/01\/L\u00e4\u00e4nemuusika.-8-kl-doc.8..ppt\">L\u00e4\u00e4nemuusika. 8 kl doc.8.<\/a><\/p>\n<p><a href=\"http:\/\/castle.pri.ee\/wp-content\/uploads\/2014\/01\/L\u00e4\u00e4ne\u043cuusika-8-kl.doc.7.ppt\">L\u00e4\u00e4ne\u043cuusika 8 kl.doc.7<\/a><\/p>\n<p>&nbsp;<\/p>\n<h4><a href=\"http:\/\/castle.pri.ee\/wp-content\/uploads\/2012\/10\/\u0418\u0442\u043e\u0433\u043e\u0432\u0430\u044f-\u0440\u0430\u0431\u043e\u0442\u0430-1-\u0447\u0435\u0442\u0432..doc\">\u0418\u0442\u043e\u0433\u043e\u0432\u0430\u044f \u0440\u0430\u0431\u043e\u0442\u0430 1 \u0447\u0435\u0442\u0432.<\/a><\/h4>\n<p>&nbsp;<\/p>\n<h4><a href=\"http:\/\/castle.pri.ee\/wp-content\/uploads\/2012\/10\/mus_epohi_vosr.ppt\">\u041c\u0443\u0437\u044b\u043a\u0430 \u044d\u043f\u043e\u0445\u0438 \u0432\u043e\u0437\u0440\u043e\u0436\u0434\u0435\u043d\u0438\u044f<\/a><\/h4>\n<p>&nbsp;<\/p>\n<h4><a href=\"http:\/\/castle.pri.ee\/wp-content\/uploads\/2014\/01\/bach-8kl.ppt\">bach 8kl<\/a><\/h4>\n<p>&nbsp;<\/p>\n<h4><a href=\"http:\/\/castle.pri.ee\/wp-content\/uploads\/2014\/01\/Orel.8kl.ppt\">Orel.8kl<\/a><\/h4>\n<p>&nbsp;<\/p>\n<h3 style=\"text-align: center;\">\u0420\u041e\u041c\u0410\u041d\u0422\u0418\u0417\u041c<\/h3>\n<p><a href=\"http:\/\/castle.pri.ee\/wp-content\/uploads\/2014\/01\/chopin.ppt\">chopin<\/a><\/p>\n<p><a href=\"http:\/\/castle.pri.ee\/wp-content\/uploads\/2014\/01\/ferenz-lizt.ppt\">ferenz lizt<\/a><\/p>\n<p><a href=\"http:\/\/castle.pri.ee\/wp-content\/uploads\/2014\/01\/Franz_Schubert.ppt\">Franz_Schubert<\/a><\/p>\n<p><a href=\"http:\/\/castle.pri.ee\/wp-content\/uploads\/2014\/01\/Nikkolo-Paganini.ppt\">Nikkolo Paganini<\/a><\/p>\n<p><a href=\"http:\/\/castle.pri.ee\/wp-content\/uploads\/2014\/01\/Romantism.ppt\">Romantism<\/a><\/p>\n<p><a href=\"http:\/\/castle.pri.ee\/wp-content\/uploads\/2014\/01\/L\u00e4\u00e4ne-muusika.-Tabel-ja-k\u00fcsimused-2.doc\">L\u00e4\u00e4ne muusika. Tabel ja k\u00fcsimused 2<\/a><\/p>\n","protected":false},"excerpt":{"rendered":"<p>\u0412\u0435\u043d\u0441\u043a\u0438\u0435 \u043a\u043b\u0430\u0441\u0441\u0438\u043a\u0438 8 \u043a\u043b\u0430\u0441\u0441 Beethoven 8 kl Haydn 8 kl Klassitsism 8 kl Presentation1\u043c\u043e\u0446\u0430\u0440\u0442 Viini klassikud. tabel ja k\u00fcsimused \u041c\u0423\u0417\u042b\u041a\u0410 \u0417\u0410\u041f\u0410\u0414\u041d\u041e\u0419 \u0415\u0412\u0420\u041e\u041f\u042b 8 \u043a\u043b\u0430\u0441\u0441 keskaeg.8 kl. Vanakreeka muusika. 8 kl. \u0411\u0430\u0440\u043e\u043a\u043a\u043e 3\u0447\u0435\u0442\u0432\u0435\u0440\u0442\u044c 8 kl. barrokko.doc.4 8.kl. barokimuusika.doc.5 8.kl. Vivaldi. doc.6 Doc.9,. 8 kl. Itogovaja rabota III verand L\u00e4\u00e4nemuusika. 8 kl doc.8. L\u00e4\u00e4ne\u043cuusika 8 kl.doc.7 &nbsp; [&hellip;]<\/p>\n","protected":false},"author":1,"featured_media":0,"parent":7465,"menu_order":4,"comment_status":"closed","ping_status":"open","template":"","meta":{"_monsterinsights_skip_tracking":false,"_monsterinsights_sitenote_active":false,"_monsterinsights_sitenote_note":"","_monsterinsights_sitenote_category":0,"ngg_post_thumbnail":0,"footnotes":""},"_links":{"self":[{"href":"http:\/\/castle.pri.ee\/index.php?rest_route=\/wp\/v2\/pages\/8591"}],"collection":[{"href":"http:\/\/castle.pri.ee\/index.php?rest_route=\/wp\/v2\/pages"}],"about":[{"href":"http:\/\/castle.pri.ee\/index.php?rest_route=\/wp\/v2\/types\/page"}],"author":[{"embeddable":true,"href":"http:\/\/castle.pri.ee\/index.php?rest_route=\/wp\/v2\/users\/1"}],"replies":[{"embeddable":true,"href":"http:\/\/castle.pri.ee\/index.php?rest_route=%2Fwp%2Fv2%2Fcomments&post=8591"}],"version-history":[{"count":9,"href":"http:\/\/castle.pri.ee\/index.php?rest_route=\/wp\/v2\/pages\/8591\/revisions"}],"predecessor-version":[{"id":8966,"href":"http:\/\/castle.pri.ee\/index.php?rest_route=\/wp\/v2\/pages\/8591\/revisions\/8966"}],"up":[{"embeddable":true,"href":"http:\/\/castle.pri.ee\/index.php?rest_route=\/wp\/v2\/pages\/7465"}],"wp:attachment":[{"href":"http:\/\/castle.pri.ee\/index.php?rest_route=%2Fwp%2Fv2%2Fmedia&parent=8591"}],"curies":[{"name":"wp","href":"https:\/\/api.w.org\/{rel}","templated":true}]}}