{"id":4439,"date":"2010-06-14T11:42:19","date_gmt":"2010-06-14T09:42:19","guid":{"rendered":"http:\/\/castle.pri.ee\/?page_id=4439"},"modified":"2010-06-14T14:03:54","modified_gmt":"2010-06-14T12:03:54","slug":"pleki-loikamine","status":"publish","type":"page","link":"http:\/\/castle.pri.ee\/?page_id=4439","title":{"rendered":"Pleki l\u00f5ikamine"},"content":{"rendered":"<p>Pleki l\u00f5ikamiseks kasutatakse <strong>plekik\u00e4\u00e4re.<\/strong><\/p>\n<p><strong>Plekik\u00e4\u00e4rid <\/strong>on l\u00f5ileriist pleki v\u00f5i teiste sitkete lehtmaterjalide l\u00f5ikamiseks.<\/p>\n<p style=\"text-align: center;\">\u00a0<\/p>\n<p style=\"text-align: center;\"><a href=\"http:\/\/castle.pri.ee\/wp-content\/uploads\/2010\/06\/noznitsy-2.jpg\" target=\"_new\"><img loading=\"lazy\" decoding=\"async\" class=\"size-thumbnail wp-image-4443  aligncenter\" title=\"noznitsy 2\" src=\"http:\/\/castle.pri.ee\/wp-content\/uploads\/2010\/06\/noznitsy-2-150x150.jpg\" alt=\"\" width=\"150\" height=\"150\" \/><\/a>\u00a0<\/p>\n<p>K\u00e4sik\u00e4\u00e4ridega saab plekki l\u00f5igata\u00a0 kahel viisil. Esimesel juhul hoitakse plekki vasakus ja k\u00e4\u00e4re paremas k\u00e4es (A). Niiviisi k\u00e4\u00e4re hoida ja l\u00f5igata on k\u00fcllalti raske.<\/p>\n<p>Parem on k\u00e4sik\u00e4\u00e4ridega l\u00f5igata nii, et \u00fcks haar on kinnitatud kruustangide vahele, teist aga hoitakse parema k\u00e4ega (B). Siis saab k\u00e4\u00e4re l\u00f5ikamisel t\u00e4psemini suunata ja vigu v\u00e4ltida.<\/p>\n<p style=\"text-align: center;\"><a href=\"http:\/\/castle.pri.ee\/wp-content\/uploads\/2010\/06\/IMG_5428_1.jpg\" target=\"_new\"><img loading=\"lazy\" decoding=\"async\" class=\"aligncenter size-thumbnail wp-image-4449\" title=\"IMG_5428_1\" src=\"http:\/\/castle.pri.ee\/wp-content\/uploads\/2010\/06\/IMG_5428_1-150x150.jpg\" alt=\"\" width=\"150\" height=\"150\" \/><\/a>\u00a0<\/p>\n<p style=\"text-align: center;\">\u00a0<a href=\"http:\/\/castle.pri.ee\/wp-content\/uploads\/2010\/06\/Pleki-loikamine.jpg\" target=\"_new\"><img loading=\"lazy\" decoding=\"async\" class=\"aligncenter size-thumbnail wp-image-4446\" title=\"Pleki loikamine\" src=\"http:\/\/castle.pri.ee\/wp-content\/uploads\/2010\/06\/Pleki-loikamine-150x150.jpg\" alt=\"\" width=\"150\" height=\"150\" \/><\/a>\u00a0<\/p>\n","protected":false},"excerpt":{"rendered":"<p>Pleki l\u00f5ikamiseks kasutatakse plekik\u00e4\u00e4re. Plekik\u00e4\u00e4rid on l\u00f5ileriist pleki v\u00f5i teiste sitkete lehtmaterjalide l\u00f5ikamiseks. \u00a0 \u00a0 K\u00e4sik\u00e4\u00e4ridega saab plekki l\u00f5igata\u00a0 kahel viisil. Esimesel juhul hoitakse plekki vasakus ja k\u00e4\u00e4re paremas k\u00e4es (A). Niiviisi k\u00e4\u00e4re hoida ja l\u00f5igata on k\u00fcllalti raske. Parem on k\u00e4sik\u00e4\u00e4ridega l\u00f5igata nii, et \u00fcks haar on kinnitatud kruustangide vahele, teist aga hoitakse parema [&hellip;]<\/p>\n","protected":false},"author":1,"featured_media":0,"parent":3921,"menu_order":24,"comment_status":"open","ping_status":"closed","template":"","meta":{"_monsterinsights_skip_tracking":false,"_monsterinsights_sitenote_active":false,"_monsterinsights_sitenote_note":"","_monsterinsights_sitenote_category":0,"ngg_post_thumbnail":0,"footnotes":""},"_links":{"self":[{"href":"http:\/\/castle.pri.ee\/index.php?rest_route=\/wp\/v2\/pages\/4439"}],"collection":[{"href":"http:\/\/castle.pri.ee\/index.php?rest_route=\/wp\/v2\/pages"}],"about":[{"href":"http:\/\/castle.pri.ee\/index.php?rest_route=\/wp\/v2\/types\/page"}],"author":[{"embeddable":true,"href":"http:\/\/castle.pri.ee\/index.php?rest_route=\/wp\/v2\/users\/1"}],"replies":[{"embeddable":true,"href":"http:\/\/castle.pri.ee\/index.php?rest_route=%2Fwp%2Fv2%2Fcomments&post=4439"}],"version-history":[{"count":12,"href":"http:\/\/castle.pri.ee\/index.php?rest_route=\/wp\/v2\/pages\/4439\/revisions"}],"predecessor-version":[{"id":4503,"href":"http:\/\/castle.pri.ee\/index.php?rest_route=\/wp\/v2\/pages\/4439\/revisions\/4503"}],"up":[{"embeddable":true,"href":"http:\/\/castle.pri.ee\/index.php?rest_route=\/wp\/v2\/pages\/3921"}],"wp:attachment":[{"href":"http:\/\/castle.pri.ee\/index.php?rest_route=%2Fwp%2Fv2%2Fmedia&parent=4439"}],"curies":[{"name":"wp","href":"https:\/\/api.w.org\/{rel}","templated":true}]}}