{"id":4394,"date":"2010-06-14T11:05:14","date_gmt":"2010-06-14T09:05:14","guid":{"rendered":"http:\/\/castle.pri.ee\/?page_id=4394"},"modified":"2010-06-14T13:49:59","modified_gmt":"2010-06-14T11:49:59","slug":"traadi-tukeldamine","status":"publish","type":"page","link":"http:\/\/castle.pri.ee\/?page_id=4394","title":{"rendered":"Traadi t\u00fckeldamine"},"content":{"rendered":"<p><strong>L\u00f5iketangid<\/strong> \u00a0on m\u00f5eldud traadi t\u00fckeldamiseks<\/p>\n<p style=\"text-align: center;\"><a href=\"http:\/\/castle.pri.ee\/wp-content\/uploads\/2010\/06\/Traadi-tukeldamine-loiketangidega.jpg\" target=\"_new\"><img loading=\"lazy\" decoding=\"async\" class=\"aligncenter size-thumbnail wp-image-4395\" title=\"Traadi tukeldamine loiketangidega\" src=\"http:\/\/castle.pri.ee\/wp-content\/uploads\/2010\/06\/Traadi-tukeldamine-loiketangidega-150x139.jpg\" alt=\"\" width=\"150\" height=\"139\" \/><\/a><\/p>\n<p style=\"text-align: center;\">\u00a0<\/p>\n<p>J\u00e4meda traadi t\u00fckeldamine meisliga alasil. <strong>Meisel<\/strong> on l\u00f5ikeriist, mida kasutatakse metalli v\u00f5i kivi t\u00f6\u00f6tlemiseks l\u00f6\u00f6kkoormusega.<\/p>\n<p style=\"text-align: center;\"><a href=\"http:\/\/castle.pri.ee\/wp-content\/uploads\/2010\/06\/lok.jpg\" target=\"_new\"><img loading=\"lazy\" decoding=\"async\" class=\"aligncenter size-thumbnail wp-image-4396\" title=\"lok\" src=\"http:\/\/castle.pri.ee\/wp-content\/uploads\/2010\/06\/lok-150x150.jpg\" alt=\"\" width=\"150\" height=\"150\" \/><\/a>\u00a0<\/p>\n<p>J\u00e4meda ja k\u00f5va traadi t\u00fckeldamine meisliga kruustangide vahel. <strong>Kruustangid<\/strong> on mehhanism toorikute kinnihoidmiseks v\u00f5i kokkusurumiseks tehnoloogilises protsessis.<\/p>\n<p>Traadi t\u00fckeldamine metallisaega abil. <strong>Metallisag<\/strong> on saag, mille peenhammastega leht on valmistatud pehmete metallide l\u00f5ikamiseks piisava k\u00f5vadusega eriterasest.<\/p>\n<p>\u00dcldkasutatava viiliga viilitakse ainult terastraati. Alumiinium \u2013 v\u00f5i vasepuru ummistab viiliraide.<\/p>\n","protected":false},"excerpt":{"rendered":"<p>L\u00f5iketangid \u00a0on m\u00f5eldud traadi t\u00fckeldamiseks \u00a0 J\u00e4meda traadi t\u00fckeldamine meisliga alasil. Meisel on l\u00f5ikeriist, mida kasutatakse metalli v\u00f5i kivi t\u00f6\u00f6tlemiseks l\u00f6\u00f6kkoormusega. \u00a0 J\u00e4meda ja k\u00f5va traadi t\u00fckeldamine meisliga kruustangide vahel. Kruustangid on mehhanism toorikute kinnihoidmiseks v\u00f5i kokkusurumiseks tehnoloogilises protsessis. Traadi t\u00fckeldamine metallisaega abil. Metallisag on saag, mille peenhammastega leht on valmistatud pehmete metallide l\u00f5ikamiseks piisava [&hellip;]<\/p>\n","protected":false},"author":1,"featured_media":0,"parent":3921,"menu_order":19,"comment_status":"open","ping_status":"closed","template":"","meta":{"_monsterinsights_skip_tracking":false,"_monsterinsights_sitenote_active":false,"_monsterinsights_sitenote_note":"","_monsterinsights_sitenote_category":0,"ngg_post_thumbnail":0,"footnotes":""},"_links":{"self":[{"href":"http:\/\/castle.pri.ee\/index.php?rest_route=\/wp\/v2\/pages\/4394"}],"collection":[{"href":"http:\/\/castle.pri.ee\/index.php?rest_route=\/wp\/v2\/pages"}],"about":[{"href":"http:\/\/castle.pri.ee\/index.php?rest_route=\/wp\/v2\/types\/page"}],"author":[{"embeddable":true,"href":"http:\/\/castle.pri.ee\/index.php?rest_route=\/wp\/v2\/users\/1"}],"replies":[{"embeddable":true,"href":"http:\/\/castle.pri.ee\/index.php?rest_route=%2Fwp%2Fv2%2Fcomments&post=4394"}],"version-history":[{"count":9,"href":"http:\/\/castle.pri.ee\/index.php?rest_route=\/wp\/v2\/pages\/4394\/revisions"}],"predecessor-version":[{"id":4490,"href":"http:\/\/castle.pri.ee\/index.php?rest_route=\/wp\/v2\/pages\/4394\/revisions\/4490"}],"up":[{"embeddable":true,"href":"http:\/\/castle.pri.ee\/index.php?rest_route=\/wp\/v2\/pages\/3921"}],"wp:attachment":[{"href":"http:\/\/castle.pri.ee\/index.php?rest_route=%2Fwp%2Fv2%2Fmedia&parent=4394"}],"curies":[{"name":"wp","href":"https:\/\/api.w.org\/{rel}","templated":true}]}}