{"id":4371,"date":"2010-06-14T10:41:16","date_gmt":"2010-06-14T08:41:16","guid":{"rendered":"http:\/\/castle.pri.ee\/?page_id=4371"},"modified":"2010-06-14T13:59:30","modified_gmt":"2010-06-14T11:59:30","slug":"traadi-painutamine","status":"publish","type":"page","link":"http:\/\/castle.pri.ee\/?page_id=4371","title":{"rendered":"Traadi painutamine"},"content":{"rendered":"<p>Traadi painutamine ja aasastamine on \u00fcks p\u00f5hilisi ehist\u00f6\u00f6v\u00f5tteid.<\/p>\n<p>Traadit\u00f6\u00f6del on p\u00f5hiv\u00f5tteks <strong>painutamine<\/strong>. <strong>Painutatavus<\/strong> on materjali omadus,mis iseloomustab v\u00f5malus muuta detaili kuju painutamise teel.<\/p>\n<p style=\"text-align: center;\"><a href=\"http:\/\/castle.pri.ee\/wp-content\/uploads\/2010\/06\/provoloka4.jpg\" target=\"_new\"><img loading=\"lazy\" decoding=\"async\" class=\"aligncenter size-thumbnail wp-image-4375\" title=\"provoloka4\" src=\"http:\/\/castle.pri.ee\/wp-content\/uploads\/2010\/06\/provoloka4-150x150.jpg\" alt=\"\" width=\"150\" height=\"150\" \/><\/a>\u00a0<\/p>\n<p>M\u00f5lemal juhul kasutatakse selleks spetsiaalseid t\u00f6\u00f6riistu \u2013 tange.<\/p>\n<p>\u00a0<strong>Tangid<\/strong> on kahest vastassuunas \u00fcmber telje liikuvast haarast koosnev t\u00f6\u00f6rist, mis v\u00f5imendab s\u00f5rmede j\u00f5udu esemete haaramisel ja kokkusurumisel.<\/p>\n<p><strong>Lapiktangid<\/strong> on ette n\u00e4htud traadi painutamiseks j\u00e4rsult mingi konkreetse nurga alla.<\/p>\n<p style=\"text-align: center;\"><a href=\"http:\/\/castle.pri.ee\/wp-content\/uploads\/2010\/06\/Lapiktangid_2.jpg\" target=\"_new\"><img loading=\"lazy\" decoding=\"async\" class=\"aligncenter size-thumbnail wp-image-4378\" title=\"Lapiktangid_2\" src=\"http:\/\/castle.pri.ee\/wp-content\/uploads\/2010\/06\/Lapiktangid_2-150x150.jpg\" alt=\"\" width=\"150\" height=\"150\" \/><\/a>\u00a0<\/p>\n<p><strong>Painutatud mokkadega lapiktangid<\/strong> on ette n\u00e4htud traadi painutamiseks ja traadi asendi korrigeerimiseks v\u00f5i aasade sulgemiseks.<\/p>\n<p><strong>\u00dcmartangid<\/strong> nendega valmistatakse erinevaid aasasid v\u00f5i painutatakse traati kindla raadiusega nurga alla.<\/p>\n<p style=\"text-align: center;\"><a href=\"http:\/\/castle.pri.ee\/wp-content\/uploads\/2010\/06\/umartangid_2.jpg\" target=\"_new\"><img loading=\"lazy\" decoding=\"async\" class=\"aligncenter size-thumbnail wp-image-4381\" title=\"umartangid_2\" src=\"http:\/\/castle.pri.ee\/wp-content\/uploads\/2010\/06\/umartangid_2-150x150.jpg\" alt=\"\" width=\"150\" height=\"150\" \/><\/a>\u00a0<\/p>\n<p><strong>Poolkumerad tangid<\/strong> on m\u00f5eldud traadi suurema raadiusega painutamiseks.<\/p>\n<p><strong>L\u00f5iketangid<\/strong> \u00a0on m\u00f5eldud traadi t\u00fckeldamiseks.<\/p>\n<p style=\"text-align: center;\"><a href=\"http:\/\/castle.pri.ee\/wp-content\/uploads\/2010\/06\/Loiketangid_2.jpg\" target=\"_new\"><img loading=\"lazy\" decoding=\"async\" class=\"aligncenter size-thumbnail wp-image-4384\" title=\"Loiketangid_2\" src=\"http:\/\/castle.pri.ee\/wp-content\/uploads\/2010\/06\/Loiketangid_2-150x150.jpg\" alt=\"\" width=\"150\" height=\"150\" \/><\/a><\/p>\n<p>Traadi nurkne painutamine toimub lapiktangide abil. Tange hoitakse k\u00e4es. Traat seatakse mokkadega risti nii, et painutuskoha m\u00e4rk j\u00e4\u00e4ks veidi vasakule.<\/p>\n<p style=\"text-align: center;\"><a href=\"http:\/\/castle.pri.ee\/wp-content\/uploads\/2010\/06\/Traadi-painutamine.jpg\" target=\"_new\"><img loading=\"lazy\" decoding=\"async\" class=\"aligncenter size-thumbnail wp-image-4387\" title=\"Traadi painutamine\" src=\"http:\/\/castle.pri.ee\/wp-content\/uploads\/2010\/06\/Traadi-painutamine-150x150.jpg\" alt=\"\" width=\"150\" height=\"150\" \/><\/a>\u00a0<\/p>\n<p style=\"text-align: left;\">J\u00e4medat traati painutatakse kruustangide vahel (A).\u00a0<\/p>\n<p style=\"text-align: center;\">\u00a0<a href=\"http:\/\/castle.pri.ee\/wp-content\/uploads\/2010\/06\/Gibka-provoloki-2.jpg\" target=\"_new\"><img loading=\"lazy\" decoding=\"async\" class=\"aligncenter size-thumbnail wp-image-4391\" title=\"Gibka provoloki 2\" src=\"http:\/\/castle.pri.ee\/wp-content\/uploads\/2010\/06\/Gibka-provoloki-2-150x150.jpg\" alt=\"\" width=\"150\" height=\"150\" \/><\/a><\/p>\n<p>Kui traadist tuleb painutada mitu \u00fchesugust figuuri, v\u00f5ib t\u00f6\u00f6 h\u00f5lbustamiseks ja t\u00e4psuse suurendamiseks valmistada sobiva painutus\u0161ablooni (B).<\/p>\n<p>Suuremaid aasu keeratakse \u00fcmber sobiva l\u00e4bim\u00f5\u00f5duga metall- v\u00f5i puitsilindri. Sel juhul peab olema traadi ots pikem, kui aasa l\u00e4bim\u00f5\u00f5t.<\/p>\n<p>Sageli on vaja traadi otsa painutada r\u00f5ngakujuline aas.<\/p>\n","protected":false},"excerpt":{"rendered":"<p>Traadi painutamine ja aasastamine on \u00fcks p\u00f5hilisi ehist\u00f6\u00f6v\u00f5tteid. Traadit\u00f6\u00f6del on p\u00f5hiv\u00f5tteks painutamine. Painutatavus on materjali omadus,mis iseloomustab v\u00f5malus muuta detaili kuju painutamise teel. \u00a0 M\u00f5lemal juhul kasutatakse selleks spetsiaalseid t\u00f6\u00f6riistu \u2013 tange. \u00a0Tangid on kahest vastassuunas \u00fcmber telje liikuvast haarast koosnev t\u00f6\u00f6rist, mis v\u00f5imendab s\u00f5rmede j\u00f5udu esemete haaramisel ja kokkusurumisel. Lapiktangid on ette n\u00e4htud traadi [&hellip;]<\/p>\n","protected":false},"author":1,"featured_media":0,"parent":3921,"menu_order":18,"comment_status":"open","ping_status":"closed","template":"","meta":{"_monsterinsights_skip_tracking":false,"_monsterinsights_sitenote_active":false,"_monsterinsights_sitenote_note":"","_monsterinsights_sitenote_category":0,"ngg_post_thumbnail":0,"footnotes":""},"_links":{"self":[{"href":"http:\/\/castle.pri.ee\/index.php?rest_route=\/wp\/v2\/pages\/4371"}],"collection":[{"href":"http:\/\/castle.pri.ee\/index.php?rest_route=\/wp\/v2\/pages"}],"about":[{"href":"http:\/\/castle.pri.ee\/index.php?rest_route=\/wp\/v2\/types\/page"}],"author":[{"embeddable":true,"href":"http:\/\/castle.pri.ee\/index.php?rest_route=\/wp\/v2\/users\/1"}],"replies":[{"embeddable":true,"href":"http:\/\/castle.pri.ee\/index.php?rest_route=%2Fwp%2Fv2%2Fcomments&post=4371"}],"version-history":[{"count":19,"href":"http:\/\/castle.pri.ee\/index.php?rest_route=\/wp\/v2\/pages\/4371\/revisions"}],"predecessor-version":[{"id":4373,"href":"http:\/\/castle.pri.ee\/index.php?rest_route=\/wp\/v2\/pages\/4371\/revisions\/4373"}],"up":[{"embeddable":true,"href":"http:\/\/castle.pri.ee\/index.php?rest_route=\/wp\/v2\/pages\/3921"}],"wp:attachment":[{"href":"http:\/\/castle.pri.ee\/index.php?rest_route=%2Fwp%2Fv2%2Fmedia&parent=4371"}],"curies":[{"name":"wp","href":"https:\/\/api.w.org\/{rel}","templated":true}]}}