{"id":4356,"date":"2010-06-14T10:26:48","date_gmt":"2010-06-14T08:26:48","guid":{"rendered":"http:\/\/castle.pri.ee\/?page_id=4356"},"modified":"2010-06-14T13:38:11","modified_gmt":"2010-06-14T11:38:11","slug":"traadi-ogvendamine","status":"publish","type":"page","link":"http:\/\/castle.pri.ee\/?page_id=4356","title":{"rendered":"Traadi \u00f5gvendamine"},"content":{"rendered":"<p>\u00a0\u00a0 <a href=\"http:\/\/castle.pri.ee\/wp-content\/uploads\/2010\/06\/IMG_5360.jpg\"><\/a>Kerast v\u00f5etud traat on k\u00f5ver. Enne esemeks vormimist tuleb selline traat <strong>\u00f5gvendada.<\/strong><\/p>\n<p><strong>\u00d5gvendamine (rihtimine) <\/strong>on tooriku oinna k\u00f5veruse ja suurte ebatasasuste k\u00f5rvaldamine.<\/p>\n<p style=\"text-align: center;\"><a href=\"http:\/\/castle.pri.ee\/wp-content\/uploads\/2010\/06\/ogvendamine1.jpg\" target=\"_new\"><img loading=\"lazy\" decoding=\"async\" class=\"aligncenter size-thumbnail wp-image-4360\" title=\"ogvendamine1\" src=\"http:\/\/castle.pri.ee\/wp-content\/uploads\/2010\/06\/ogvendamine1-150x150.jpg\" alt=\"\" width=\"150\" height=\"150\" \/><\/a><\/p>\n<p>Peenema ja pehmema traadi kumerused \u00f5gvendatakse s\u00f5rmede abil. J\u00e4meda ja k\u00f5vema traadi \u00f5gvendamine toimub alasil vasaraga. Vasar peab olema pehmemast materjalis kui traat (<strong>kummivasar, puitvasar<\/strong>).<\/p>\n<p><strong>Kummihaamer<\/strong> ehk <strong>kummivasar<\/strong>\u00a0 on nuiade hulka kuuluv t\u00f6\u00f6riist. Tavaliselt on kummihaamril kummist pea ja puidust vars. Kummihaamrit kasutatakse n\u00e4iteks pleki t\u00f6\u00f6tlemisel.<\/p>\n<p style=\"text-align: center;\"><a href=\"http:\/\/castle.pri.ee\/wp-content\/uploads\/2010\/06\/IMG_5360.jpg\" target=\"_new\"><img loading=\"lazy\" decoding=\"async\" class=\"aligncenter size-thumbnail wp-image-4363\" title=\"IMG_5360\" src=\"http:\/\/castle.pri.ee\/wp-content\/uploads\/2010\/06\/IMG_5360-150x150.jpg\" alt=\"\" width=\"150\" height=\"150\" \/><\/a>\u00a0<\/p>\n<p><strong>Puitvasar <\/strong>on k\u00f5vast puidust t\u00f6\u00f6osaga l\u00f6\u00f6giriist, mida kasuttakse plekit\u00f6\u00f6s, peiteldamisel jm.<\/p>\n<p style=\"text-align: center;\"><a href=\"http:\/\/castle.pri.ee\/wp-content\/uploads\/2010\/06\/ogvendamine3.jpg\" target=\"_new\"><img loading=\"lazy\" decoding=\"async\" class=\"aligncenter size-thumbnail wp-image-4366\" title=\"ogvendamine3\" src=\"http:\/\/castle.pri.ee\/wp-content\/uploads\/2010\/06\/ogvendamine3-150x150.jpg\" alt=\"\" width=\"150\" height=\"150\" \/><\/a>\u00a0<\/p>\n<p>Peent ja pehmet alumiinium- v\u00f5i vasktraati on h\u00f5lbus \u00f5gvendada kahe puitklotsiga.<\/p>\n<p style=\"text-align: center;\"><a href=\"http:\/\/castle.pri.ee\/wp-content\/uploads\/2010\/06\/ogvendamine4.jpg\" target=\"_new\"><img loading=\"lazy\" decoding=\"async\" class=\"aligncenter size-thumbnail wp-image-4368\" title=\"ogvendamine4\" src=\"http:\/\/castle.pri.ee\/wp-content\/uploads\/2010\/06\/ogvendamine4-150x150.jpg\" alt=\"\" width=\"150\" height=\"150\" \/><\/a>\u00a0<\/p>\n<p>Peent terastraati \u00f5gvendatakse puitklotsi l\u00f6\u00f6dud naelterea vahelt l\u00e4bi t\u00f5mmates.<\/p>\n","protected":false},"excerpt":{"rendered":"<p>\u00a0\u00a0 Kerast v\u00f5etud traat on k\u00f5ver. Enne esemeks vormimist tuleb selline traat \u00f5gvendada. \u00d5gvendamine (rihtimine) on tooriku oinna k\u00f5veruse ja suurte ebatasasuste k\u00f5rvaldamine. Peenema ja pehmema traadi kumerused \u00f5gvendatakse s\u00f5rmede abil. J\u00e4meda ja k\u00f5vema traadi \u00f5gvendamine toimub alasil vasaraga. Vasar peab olema pehmemast materjalis kui traat (kummivasar, puitvasar). Kummihaamer ehk kummivasar\u00a0 on nuiade hulka kuuluv [&hellip;]<\/p>\n","protected":false},"author":1,"featured_media":0,"parent":3921,"menu_order":17,"comment_status":"open","ping_status":"closed","template":"","meta":{"_monsterinsights_skip_tracking":false,"_monsterinsights_sitenote_active":false,"_monsterinsights_sitenote_note":"","_monsterinsights_sitenote_category":0,"ngg_post_thumbnail":0,"footnotes":""},"_links":{"self":[{"href":"http:\/\/castle.pri.ee\/index.php?rest_route=\/wp\/v2\/pages\/4356"}],"collection":[{"href":"http:\/\/castle.pri.ee\/index.php?rest_route=\/wp\/v2\/pages"}],"about":[{"href":"http:\/\/castle.pri.ee\/index.php?rest_route=\/wp\/v2\/types\/page"}],"author":[{"embeddable":true,"href":"http:\/\/castle.pri.ee\/index.php?rest_route=\/wp\/v2\/users\/1"}],"replies":[{"embeddable":true,"href":"http:\/\/castle.pri.ee\/index.php?rest_route=%2Fwp%2Fv2%2Fcomments&post=4356"}],"version-history":[{"count":10,"href":"http:\/\/castle.pri.ee\/index.php?rest_route=\/wp\/v2\/pages\/4356\/revisions"}],"predecessor-version":[{"id":4359,"href":"http:\/\/castle.pri.ee\/index.php?rest_route=\/wp\/v2\/pages\/4356\/revisions\/4359"}],"up":[{"embeddable":true,"href":"http:\/\/castle.pri.ee\/index.php?rest_route=\/wp\/v2\/pages\/3921"}],"wp:attachment":[{"href":"http:\/\/castle.pri.ee\/index.php?rest_route=%2Fwp%2Fv2%2Fmedia&parent=4356"}],"curies":[{"name":"wp","href":"https:\/\/api.w.org\/{rel}","templated":true}]}}