{"id":4302,"date":"2010-06-14T09:18:44","date_gmt":"2010-06-14T07:18:44","guid":{"rendered":"http:\/\/castle.pri.ee\/?page_id=4302"},"modified":"2013-03-22T05:46:15","modified_gmt":"2013-03-22T03:46:15","slug":"kasutatud-kirjandus","status":"publish","type":"page","link":"http:\/\/castle.pri.ee\/?page_id=4302","title":{"rendered":"KASUTATUD KIRJANDUS"},"content":{"rendered":"<p>&nbsp;<\/p>\n<p><strong>1.\u00a0\u00a0\u00a0 <\/strong><strong>T\u00f6\u00f6\u00f5petuse katset\u00f6\u00f6vihik <\/strong>\/ H. Isok; Eesti NSV\u00a0\u00a0\u00a0 Haridusministeerium, Eesti NSV Pedagoogika Teadusliku\u00a0\u00a0\u00a0\u00a0\u00a0 Uurimise Instituut<\/p>\n<p><strong>2.\u00a0\u00a0\u00a0 <\/strong><strong>T\u00f6\u00f6\u00f5petuse katset\u00f6\u00f6vihik : puidut\u00f6\u00f6 V klassile<\/strong> \/ H. Isok; Eesti NSV Haridusministeerium, Eesti NSV Pedagoogika Teadusliku Uurimise Instituut<\/p>\n<p><strong>3.\u00a0\u00a0\u00a0 <\/strong><strong>T\u00f6\u00f6\u00f5petuse metoodika \u00fcldk\u00fcsimusi : artiklite kogumik : [k\u00e4siraamat t\u00f6\u00f6\u00f5petuse \u00f5petajaile]<\/strong> \/ koostanud E. Kurik; [kaas: R. Tungla]<\/p>\n<p><strong>4.\u00a0\u00a0\u00a0 T\u00f6\u00f6\u00f5petuse k\u00e4siraamat \u00f5petajale : IV-VIII kl<\/strong> \/ Julian Borovkov, Sergei Legornev, Bentsion T\u0161erepa\u0161enets; Tallinn: Valgus, 1976<\/p>\n<p><strong>5.\u00a0\u00a0\u00a0 Poiste t\u00f6\u00f6\u00f5petuse jaotusmaterjal : IV -V klassile<\/strong> \/ H. Isok, A. K\u00f5rbe, E. Meiorg, E. Rihvk; Tallinn: Valgus, 1982<\/p>\n<p><strong>6.\u00a0\u00a0\u00a0 Poiste t\u00f6\u00f6\u00f5petuse oskuss\u00f5nastik :[abivahend \u00f5petajale]<\/strong> \/ Vabariiklik \u00d5petajate T\u00e4iendusinstituut ; koostanud E. Rihvk;<br \/>\nTallinn: Eesti NSV Haridusministeerium, 1987<\/p>\n<p><strong>7.\u00a0\u00a0\u00a0 Poiste t\u00f6\u00f6\u00f5petuse jaotusmaterjal V-VI klassile<\/strong> \/ H. Isok, A. K\u00f5rbe, E. Meiorg, E. Rihvk; Tallinn: Valgus, 1990<\/p>\n<p><strong>8.\u00a0\u00a0\u00a0 T\u00f6\u00f6\u00f5petuse erialad Tallinna Pedagoogika\u00fclikoolis s\u00f5nas ja pildis<\/strong> \/ Tallinna Pedagoogika\u00fclikool ; koostanud Tiia Artla ; toimetanud Ene Lind; Tallinn: Tallinna Pedagoogika\u00fclikool, 2000<\/p>\n<p><strong>9.\u00a0\u00a0\u00a0 Puidut\u00f6\u00f6 jooniseid noortele : \u00fcldhariduslikele koolidele t\u00f6\u00f6\u00f5petuse tundideks ja klassiv\u00e4liseks t\u00f6\u00f6ks<\/strong> \/ Teodor Ussisoo; Tallinn: Eesti Riiklik Kirjastus, 1959<\/p>\n<p><strong>10.\u00a0\u00a0\u00a0\u00a0<\/strong><strong>Puut\u00f6\u00f6 A <\/strong><strong>&amp; <\/strong><strong>O<\/strong><strong>\/<\/strong><strong> The seven Essentials of Woodworking<\/strong>; \u00a0Anthony guidice; inglise keelest t\u00f5lkinud Triinu Tischler;<\/p>\n<p>Tallinn: TEA Kirjastus, 2005<\/p>\n<p><strong>11.\u00a0\u00a0\u00a0\u00a0\u00a0\u00a0<\/strong><strong>Kodumeister <\/strong>\/A. K\u00f5rbe; Valgus 1987.<\/p>\n<p><strong>12.\u00a0\u00a0\u00a0\u00a0\u00a0\u00a0<\/strong><strong>Puitehist\u00f6\u00f6d <\/strong>\/ A. K\u00f5rbe; Valgus 1985<\/p>\n<p><strong>13.\u00a0\u00a0\u00a0\u00a0\u00a0\u00a0\u00a0<\/strong><strong>Termot\u00f6\u00f6deldud puit <\/strong>\/ T. Kalmann; Tallinn 2008<\/p>\n<p><strong>14.\u00a0\u00a0\u00a0\u00a0\u00a0\u00a0\u00a0<\/strong><strong>Tehnilised m\u00f5\u00f5tmised<\/strong> \/ V. Berkov; Tln. : Valgus, 1981<\/p>\n<p><strong>15.\u00a0\u00a0\u00a0\u00a0\u00a0\u00a0\u00a0<\/strong><strong>Vene-eesti tehnika s\u00f5nastik<\/strong> \/ E. Targo; Tln.: Valgus, 1972<\/p>\n<p><strong>16.\u00a0\u00a0\u00a0\u00a0\u00a0\u00a0\u00a0\u00a0<\/strong><strong>http:\/\/metallehis1.andry.pri.ee\/<\/strong><\/p>\n<p><strong>17.\u00a0\u00a0\u00a0 \u00a0\u00a0 <\/strong><strong>K<\/strong><strong>\u00e4sit\u00f6\u00f6, kodunduse, t\u00f6\u00f6-ja tehnoloogia\u00f5petuse m\u00f5isted 7.-9. klassile. Eesti-vene\u00a0 s\u00f5nastik<\/strong><strong>\/<\/strong>Tartu\u00a0\u00a0\u00a0 \u00dclikooli Kirjastus, 2005<\/p>\n","protected":false},"excerpt":{"rendered":"<p>&nbsp; 1.\u00a0\u00a0\u00a0 T\u00f6\u00f6\u00f5petuse katset\u00f6\u00f6vihik \/ H. Isok; Eesti NSV\u00a0\u00a0\u00a0 Haridusministeerium, Eesti NSV Pedagoogika Teadusliku\u00a0\u00a0\u00a0\u00a0\u00a0 Uurimise Instituut 2.\u00a0\u00a0\u00a0 T\u00f6\u00f6\u00f5petuse katset\u00f6\u00f6vihik : puidut\u00f6\u00f6 V klassile \/ H. Isok; Eesti NSV Haridusministeerium, Eesti NSV Pedagoogika Teadusliku Uurimise Instituut 3.\u00a0\u00a0\u00a0 T\u00f6\u00f6\u00f5petuse metoodika \u00fcldk\u00fcsimusi : artiklite kogumik : [k\u00e4siraamat t\u00f6\u00f6\u00f5petuse \u00f5petajaile] \/ koostanud E. Kurik; [kaas: R. Tungla] 4.\u00a0\u00a0\u00a0 T\u00f6\u00f6\u00f5petuse [&hellip;]<\/p>\n","protected":false},"author":1,"featured_media":0,"parent":3921,"menu_order":28,"comment_status":"open","ping_status":"closed","template":"","meta":{"_monsterinsights_skip_tracking":false,"_monsterinsights_sitenote_active":false,"_monsterinsights_sitenote_note":"","_monsterinsights_sitenote_category":0,"ngg_post_thumbnail":0,"footnotes":""},"_links":{"self":[{"href":"http:\/\/castle.pri.ee\/index.php?rest_route=\/wp\/v2\/pages\/4302"}],"collection":[{"href":"http:\/\/castle.pri.ee\/index.php?rest_route=\/wp\/v2\/pages"}],"about":[{"href":"http:\/\/castle.pri.ee\/index.php?rest_route=\/wp\/v2\/types\/page"}],"author":[{"embeddable":true,"href":"http:\/\/castle.pri.ee\/index.php?rest_route=\/wp\/v2\/users\/1"}],"replies":[{"embeddable":true,"href":"http:\/\/castle.pri.ee\/index.php?rest_route=%2Fwp%2Fv2%2Fcomments&post=4302"}],"version-history":[{"count":8,"href":"http:\/\/castle.pri.ee\/index.php?rest_route=\/wp\/v2\/pages\/4302\/revisions"}],"predecessor-version":[{"id":7879,"href":"http:\/\/castle.pri.ee\/index.php?rest_route=\/wp\/v2\/pages\/4302\/revisions\/7879"}],"up":[{"embeddable":true,"href":"http:\/\/castle.pri.ee\/index.php?rest_route=\/wp\/v2\/pages\/3921"}],"wp:attachment":[{"href":"http:\/\/castle.pri.ee\/index.php?rest_route=%2Fwp%2Fv2%2Fmedia&parent=4302"}],"curies":[{"name":"wp","href":"https:\/\/api.w.org\/{rel}","templated":true}]}}