{"id":4223,"date":"2010-06-14T09:19:37","date_gmt":"2010-06-14T07:19:37","guid":{"rendered":"http:\/\/castle.pri.ee\/?page_id=4223"},"modified":"2010-06-14T09:51:38","modified_gmt":"2010-06-14T07:51:38","slug":"puurimine","status":"publish","type":"page","link":"http:\/\/castle.pri.ee\/?page_id=4223","title":{"rendered":"Puurimine"},"content":{"rendered":"<p><strong>\u00a0\u00a0\u00a0\u00a0 Puurimine<\/strong> on \u00fcheks levinuimaks augu valmistamise viisiks. Puurimisel kasutatakse l\u00f5ikeriistana puuri, mis v\u00f5imaldab saada auku nii t\u00e4ismaterjalis kui ka suurendada sissepuuritud augu l\u00e4bim\u00f5\u00f5tu.<\/p>\n<p style=\"text-align: center;\"><a href=\"http:\/\/castle.pri.ee\/wp-content\/uploads\/2010\/06\/7.jpg\" target=\"_new\"><img loading=\"lazy\" decoding=\"async\" class=\"aligncenter size-thumbnail wp-image-4227\" title=\"7\" src=\"http:\/\/castle.pri.ee\/wp-content\/uploads\/2010\/06\/7-150x150.jpg\" alt=\"\" width=\"150\" height=\"150\" \/><\/a>\u00a0<\/p>\n<p><strong>\u00a0\u00a0\u00a0\u00a0 <\/strong>Puurimine jaguneb<strong> k\u00e4si- ja masinpuurimiseks.<\/strong> K\u00e4sipuuride p\u00f6\u00f6ramine toimub<strong>\u00a0 puuriv\u00e4nda <\/strong>v\u00f5i<strong> trelli<\/strong> abil.<strong> Puuriv\u00e4nt<\/strong> on k\u00e4sitsi puurimiseks kasutatav t\u00f6\u00f6vahend.<\/p>\n<p style=\"text-align: center;\">\u00a0<a href=\"http:\/\/castle.pri.ee\/wp-content\/uploads\/2010\/06\/IMG_5425.jpg\" target=\"_new\"><img loading=\"lazy\" decoding=\"async\" class=\"aligncenter size-thumbnail wp-image-4232\" title=\"IMG_5425\" src=\"http:\/\/castle.pri.ee\/wp-content\/uploads\/2010\/06\/IMG_5425-150x150.jpg\" alt=\"\" width=\"150\" height=\"150\" \/><\/a>\u00a0<\/p>\n<p style=\"text-align: center;\">\u00a0<a href=\"http:\/\/castle.pri.ee\/wp-content\/uploads\/2010\/06\/k_3.jpg\" target=\"_new\"><img loading=\"lazy\" decoding=\"async\" class=\"aligncenter size-thumbnail wp-image-4235\" title=\"k_3\" src=\"http:\/\/castle.pri.ee\/wp-content\/uploads\/2010\/06\/k_3-150x150.jpg\" alt=\"\" width=\"150\" height=\"150\" \/><\/a>\u00a0<\/p>\n<p><strong>\u00a0\u00a0\u00a0\u00a0 Masinapuurimine toimub <\/strong><strong>puurpingil<\/strong><strong>.<\/strong><strong> <\/strong><strong>Puurpink<\/strong> on l\u00f5ikepink avade tegemiseks, l\u00f5ikeriistaks on mitmesugused puurid.<\/p>\n<p style=\"text-align: center;\"><a href=\"http:\/\/castle.pri.ee\/wp-content\/uploads\/2010\/06\/IMG_4894.jpg\" target=\"_new\"><img loading=\"lazy\" decoding=\"async\" class=\"aligncenter size-thumbnail wp-image-4240\" title=\"IMG_4894\" src=\"http:\/\/castle.pri.ee\/wp-content\/uploads\/2010\/06\/IMG_4894-150x150.jpg\" alt=\"\" width=\"150\" height=\"150\" \/><\/a>\u00a0<\/p>\n<p>\u00a0\u00a0\u00a0\u00a0 Puurimisel on l\u00f5ikeriistaks erineva kuju ja l\u00e4bim\u00f5\u00f5duga <strong>puurid<\/strong>. Puidu puurimisel <strong>kasutatakse <\/strong><strong>tsenterpuure, spiraalpuure, kruvipuure, silinderpuure <\/strong><strong>ja<\/strong><strong> oksapuure<\/strong><strong>.<\/strong> <strong>Puur<\/strong> on avade tegemiseks kasutatav l\u00f5ikeriist, mille pealiikumine on p\u00f6\u00f6rlev ja ettenihe teljesuunaline.<\/p>\n<p style=\"text-align: center;\"><a href=\"http:\/\/castle.pri.ee\/wp-content\/uploads\/2010\/06\/Sverla-3.jpg\" target=\"_new\"><img loading=\"lazy\" decoding=\"async\" class=\"aligncenter size-thumbnail wp-image-4244\" title=\"Sverla 3\" src=\"http:\/\/castle.pri.ee\/wp-content\/uploads\/2010\/06\/Sverla-3-150x150.jpg\" alt=\"\" width=\"150\" height=\"150\" \/><\/a><\/p>\n<p style=\"text-align: center;\">1,3 \u2013 spiraalpuur; 2,5 \u2013 tsenterpuur;\u00a0 4 \u2013 senkpuur; 6 \u2013 augusaag; 7 \u2013 augufrees<\/p>\n<p>Avade puurimisel puitu m\u00e4rgitakse ava asukoht detailile k\u00f5igepealt pliiatsiga ja seej\u00e4rel tehakse puuri k\u00f5rvalekaldumise v\u00e4ltimiseks veel ka naaskliga v\u00e4ike m\u00e4rge.<\/p>\n<p><strong>Naaskel<\/strong> on koonilise v\u00f5i p\u00fcramiidse teravikuga ja mugava k\u00e4epidemega terasvarb avade torkamiseks pehmesse materjali.<\/p>\n<p style=\"text-align: center;\">\u00a0<a href=\"http:\/\/castle.pri.ee\/wp-content\/uploads\/2010\/06\/IMG_5348.jpg\" target=\"_new\"><img loading=\"lazy\" decoding=\"async\" class=\"aligncenter size-thumbnail wp-image-4248\" title=\"IMG_5348\" src=\"http:\/\/castle.pri.ee\/wp-content\/uploads\/2010\/06\/IMG_5348-150x150.jpg\" alt=\"\" width=\"150\" height=\"150\" \/><\/a>\u00a0<\/p>\n<p style=\"text-align: center;\">\u00a0<\/p>\n","protected":false},"excerpt":{"rendered":"<p>\u00a0\u00a0\u00a0\u00a0 Puurimine on \u00fcheks levinuimaks augu valmistamise viisiks. Puurimisel kasutatakse l\u00f5ikeriistana puuri, mis v\u00f5imaldab saada auku nii t\u00e4ismaterjalis kui ka suurendada sissepuuritud augu l\u00e4bim\u00f5\u00f5tu. \u00a0 \u00a0\u00a0\u00a0\u00a0 Puurimine jaguneb k\u00e4si- ja masinpuurimiseks. K\u00e4sipuuride p\u00f6\u00f6ramine toimub\u00a0 puuriv\u00e4nda v\u00f5i trelli abil. Puuriv\u00e4nt on k\u00e4sitsi puurimiseks kasutatav t\u00f6\u00f6vahend. \u00a0\u00a0 \u00a0\u00a0 \u00a0\u00a0\u00a0\u00a0 Masinapuurimine toimub puurpingil. Puurpink on l\u00f5ikepink avade tegemiseks, [&hellip;]<\/p>\n","protected":false},"author":1,"featured_media":0,"parent":3921,"menu_order":12,"comment_status":"open","ping_status":"closed","template":"","meta":{"_monsterinsights_skip_tracking":false,"_monsterinsights_sitenote_active":false,"_monsterinsights_sitenote_note":"","_monsterinsights_sitenote_category":0,"ngg_post_thumbnail":0,"footnotes":""},"_links":{"self":[{"href":"http:\/\/castle.pri.ee\/index.php?rest_route=\/wp\/v2\/pages\/4223"}],"collection":[{"href":"http:\/\/castle.pri.ee\/index.php?rest_route=\/wp\/v2\/pages"}],"about":[{"href":"http:\/\/castle.pri.ee\/index.php?rest_route=\/wp\/v2\/types\/page"}],"author":[{"embeddable":true,"href":"http:\/\/castle.pri.ee\/index.php?rest_route=\/wp\/v2\/users\/1"}],"replies":[{"embeddable":true,"href":"http:\/\/castle.pri.ee\/index.php?rest_route=%2Fwp%2Fv2%2Fcomments&post=4223"}],"version-history":[{"count":24,"href":"http:\/\/castle.pri.ee\/index.php?rest_route=\/wp\/v2\/pages\/4223\/revisions"}],"predecessor-version":[{"id":4307,"href":"http:\/\/castle.pri.ee\/index.php?rest_route=\/wp\/v2\/pages\/4223\/revisions\/4307"}],"up":[{"embeddable":true,"href":"http:\/\/castle.pri.ee\/index.php?rest_route=\/wp\/v2\/pages\/3921"}],"wp:attachment":[{"href":"http:\/\/castle.pri.ee\/index.php?rest_route=%2Fwp%2Fv2%2Fmedia&parent=4223"}],"curies":[{"name":"wp","href":"https:\/\/api.w.org\/{rel}","templated":true}]}}