{"id":4159,"date":"2010-06-08T12:48:16","date_gmt":"2010-06-08T10:48:16","guid":{"rendered":"http:\/\/castle.pri.ee\/?page_id=4159"},"modified":"2010-06-14T09:52:44","modified_gmt":"2010-06-14T07:52:44","slug":"markimine","status":"publish","type":"page","link":"http:\/\/castle.pri.ee\/?page_id=4159","title":{"rendered":"M\u00e4rkimine"},"content":{"rendered":"<p>Materjali edasisel t\u00f6\u00f6tlemisel saadakse toorik.<strong> Toorik<\/strong> on ettevalmistatud materjal mingi kindla eseme valmistamiseks. <strong>Toorik<\/strong> on tootmisobjekt, millest kuju, m\u00f5\u00f5tmete, pinnakareduse v\u00f5i materjali omaduste muutmisega valmistatakse detail.<\/p>\n<p><strong>M\u00f5\u00f5tmine<\/strong> t\u00e4hendab mingi f\u00fc\u00fcsikalise suuruse v\u00f5rdlemist teise samasuguse, \u00fchikuks v\u00f5etud suurusega.<\/p>\n<p><strong>Detail<\/strong> on terviku v\u00e4ike osa. <strong>Detail<\/strong> on masina osa, mille valmistamiseks ei kasutata koostamisoperatsioone.<\/p>\n<p><strong>Koostamine<\/strong> on masina v\u00f5i seadme kokkupanemine detailidest. Et masinaid edukalt koostada, on tarvis tunda vastavat tehnoloogiat.<\/p>\n<p><strong>Tehnoloogia<\/strong> on tootmiseks vajalik masinate, seadmete ja oskuste kogum. \u00dcksikute masinate koostamisel kasutatakse rakiseid.<\/p>\n<p><strong>Rakis<\/strong> on seade t\u00f6\u00f6deldava detaili kinnitamiseks.<\/p>\n<p><strong>M\u00e4rkimine<\/strong> on vajaminevate joonte ja punktide kandmine toorikule enne t\u00f6\u00f6tlemist.\u00a0<\/p>\n<p><strong>M\u00e4rkimine<\/strong> puidule toimub ainult pliiatsiga! Pliiats olgu kaasas igas tunnis. Pea seda meeles!\u00a0M\u00e4rkimisel kasuta <strong>joonlauda, nurgikut ja sirklit<\/strong>. M\u00f5\u00f5da joonlauaga \u00f5igesti! 0-st 1-ni (Nullist \u00fchest) on ka 10 mm (1 sm). \u00c4ra alusta m\u00f5\u00f5tmist \u00fchest, vaid nullist. Joonlaua (nii metallist kui puidust) m\u00f5\u00f5teskaala v\u00e4ikseim jaotis on \u00fcks millimeeter.<\/p>\n<p style=\"text-align: center;\"><a href=\"http:\/\/castle.pri.ee\/wp-content\/uploads\/2010\/06\/sirkel.jpg\" target=\"_new\"><img loading=\"lazy\" decoding=\"async\" class=\"size-thumbnail wp-image-4161  aligncenter\" title=\"sirkel\" src=\"http:\/\/castle.pri.ee\/wp-content\/uploads\/2010\/06\/sirkel-150x150.jpg\" alt=\"\" width=\"150\" height=\"150\" \/><\/a>\u00a0<\/p>\n<p><strong>Nurgik (Vinkel)<\/strong> on kontrollm\u00f5\u00f5teriist baaskandiga nurksete joonte m\u00e4rkimiseks ja t\u00f6\u00f6deldud nurkade kontrollimiseks. Nurgiku osad on keel ja kand.<\/p>\n<p><strong>M\u00f5\u00f5dulint<\/strong> on painduv m\u00f5\u00f5teskaalaga tekstiilist, plastikust v\u00f5i metallist lint lineaarsuuruste m\u00f5\u00f5tmiseks.<\/p>\n<p style=\"text-align: center;\"><a href=\"http:\/\/castle.pri.ee\/wp-content\/uploads\/2010\/06\/M\u00e4rkimine_1.jpg\" target=\"_new\"><img loading=\"lazy\" decoding=\"async\" class=\"aligncenter size-thumbnail wp-image-4167\" title=\"M\u00e4rkimine_1\" src=\"http:\/\/castle.pri.ee\/wp-content\/uploads\/2010\/06\/M\u00e4rkimine_1-150x150.jpg\" alt=\"\" width=\"150\" height=\"150\" \/><\/a>\u00a0<\/p>\n<p>M\u00f5\u00f5tmist ja m\u00e4rkimist alustatakse \u00fchest eelnevast sirgeks t\u00f6\u00f6deldud tooriku kandist. Seda nimetatakse <strong>m\u00f5\u00f5tebaasiks<\/strong>.\u00a0<strong>M\u00f5\u00f5tebaas <\/strong>\u2013 pind, joon v\u00f5i punkt, millest m\u00e4\u00e4ratakse(m\u00f5\u00f5detakse) t\u00f6\u00f6deldav m\u00f5\u00f5de(t\u00f6\u00f6deldava pinna asend).\u00a0\u00a0\u00a0\u00a0Joone v\u00f5i punkti kaugus sellest kandist kantakse toorikule metallist m\u00f5\u00f5tejoonlaua otsa j\u00e4rgi, kusjuures vajalik jaotus \u00fchitatakse kandiga. M\u00f5\u00f5tebaasiga t\u00e4isnurkne m\u00e4rkjoon t\u00f5mmatakse toorikule nurgiku keele j\u00e4rgi kui kand on surutud tugevasti vastu kanti. T\u00e4isnurkse detaili m\u00e4rkimise v\u00f5tted on n\u00e4idatud juuresoleval joonisel.<\/p>\n<p>\u00a0M\u00e4rkimisel surutakse pliiatsi teravik tihedasti vastu joonlaua v\u00f5i nurgiku keele serva.\u00a0 Joont t\u00f5mba ainult <strong>\u00fcks kord<\/strong>.<\/p>\n<p><strong>Seitse korda m\u00f5\u00f5da, \u00fcks kord l\u00f5ika!<\/strong><\/p>\n<p>Ava keskpunkt m\u00e4rgitakse toorikule kahe ristuva m\u00e4rkjoone l\u00f5iguga. Ava serva t\u00e4histavat\u00a0 m\u00e4rkjoont toorikule ei kanta, sest puurimisel orienteerutakse ainult keskpunkti (tsentri) j\u00e4rgi.<\/p>\n<p style=\"text-align: center;\">\u00a0<a href=\"http:\/\/castle.pri.ee\/wp-content\/uploads\/2010\/06\/M\u00e4rkimine_2.jpg\" target=\"_new\"><img loading=\"lazy\" decoding=\"async\" class=\"aligncenter size-thumbnail wp-image-4171\" title=\"M\u00e4rkimine_2\" src=\"http:\/\/castle.pri.ee\/wp-content\/uploads\/2010\/06\/M\u00e4rkimine_2-150x150.jpg\" alt=\"\" width=\"150\" height=\"150\" \/><\/a>\u00a0<\/p>\n<p><strong>\u0160abloon<\/strong> on tarvik keeruliste kujundite m\u00e4rkimiseks toorikule.<\/p>\n<p>Rists\u00f5na<\/p>\n<p><a href=\"http:\/\/castle.pri.ee\/wp-content\/uploads\/2010\/06\/Markimine_1.htm\">Markimine_1<\/a><\/p>\n<p><a href=\"http:\/\/castle.pri.ee\/wp-content\/uploads\/2010\/06\/Markimine_2.htm\">Markimine_2<\/a><\/p>\n<p><a href=\"http:\/\/castle.pri.ee\/wp-content\/uploads\/2010\/06\/Markimine_3.htm\">Markimine_3<\/a><\/p>\n","protected":false},"excerpt":{"rendered":"<p>Materjali edasisel t\u00f6\u00f6tlemisel saadakse toorik. Toorik on ettevalmistatud materjal mingi kindla eseme valmistamiseks. Toorik on tootmisobjekt, millest kuju, m\u00f5\u00f5tmete, pinnakareduse v\u00f5i materjali omaduste muutmisega valmistatakse detail. M\u00f5\u00f5tmine t\u00e4hendab mingi f\u00fc\u00fcsikalise suuruse v\u00f5rdlemist teise samasuguse, \u00fchikuks v\u00f5etud suurusega. Detail on terviku v\u00e4ike osa. Detail on masina osa, mille valmistamiseks ei kasutata koostamisoperatsioone. Koostamine on masina v\u00f5i [&hellip;]<\/p>\n","protected":false},"author":1,"featured_media":0,"parent":3921,"menu_order":10,"comment_status":"open","ping_status":"closed","template":"","meta":{"_monsterinsights_skip_tracking":false,"_monsterinsights_sitenote_active":false,"_monsterinsights_sitenote_note":"","_monsterinsights_sitenote_category":0,"ngg_post_thumbnail":0,"footnotes":""},"_links":{"self":[{"href":"http:\/\/castle.pri.ee\/index.php?rest_route=\/wp\/v2\/pages\/4159"}],"collection":[{"href":"http:\/\/castle.pri.ee\/index.php?rest_route=\/wp\/v2\/pages"}],"about":[{"href":"http:\/\/castle.pri.ee\/index.php?rest_route=\/wp\/v2\/types\/page"}],"author":[{"embeddable":true,"href":"http:\/\/castle.pri.ee\/index.php?rest_route=\/wp\/v2\/users\/1"}],"replies":[{"embeddable":true,"href":"http:\/\/castle.pri.ee\/index.php?rest_route=%2Fwp%2Fv2%2Fcomments&post=4159"}],"version-history":[{"count":18,"href":"http:\/\/castle.pri.ee\/index.php?rest_route=\/wp\/v2\/pages\/4159\/revisions"}],"predecessor-version":[{"id":4323,"href":"http:\/\/castle.pri.ee\/index.php?rest_route=\/wp\/v2\/pages\/4159\/revisions\/4323"}],"up":[{"embeddable":true,"href":"http:\/\/castle.pri.ee\/index.php?rest_route=\/wp\/v2\/pages\/3921"}],"wp:attachment":[{"href":"http:\/\/castle.pri.ee\/index.php?rest_route=%2Fwp%2Fv2%2Fmedia&parent=4159"}],"curies":[{"name":"wp","href":"https:\/\/api.w.org\/{rel}","templated":true}]}}