{"id":4037,"date":"2010-06-01T11:21:44","date_gmt":"2010-06-01T09:21:44","guid":{"rendered":"http:\/\/castle.pri.ee\/?page_id=4037"},"modified":"2014-02-15T07:27:33","modified_gmt":"2014-02-15T05:27:33","slug":"saed-ja-saagimine","status":"publish","type":"page","link":"http:\/\/castle.pri.ee\/?page_id=4037","title":{"rendered":"Saed ja saagimine"},"content":{"rendered":"<p>Saag on \u00fcks vajalikumaid ja levinumaid t\u00f6\u00f6riistu nii koduses majapidamises, v\u00e4iket\u00f6\u00f6kojas kui ka puidu- ja m\u00f6\u00f6blit\u00f6\u00f6stuses.<\/p>\n<p><strong>Saag<\/strong> on \u00fcldjuhul hammastega t\u00f6\u00f6riist materjalide l\u00f5ikamiseks.<\/p>\n<p>Traditsiooniliselt kasutatakse saagi k\u00f5ige rohkem puidu l\u00f5ikamiseks, kuid saagida saab ka n\u00e4iteks metalle, plastmasse, luud ja kivi.<\/p>\n<p>Saag on \u00fcks vanemaid t\u00f6\u00f6riistu, mille eelk\u00e4ijaks v\u00f5ime lugeda juba kiviaegseid sakilise servaga kivist ja luust l\u00f5ikeriistu.<\/p>\n<p style=\"text-align: center;\"><a href=\"http:\/\/castle.pri.ee\/wp-content\/uploads\/2010\/06\/Sae-eelk\u00e4ijad.jpg\" target=\"_new\"><img loading=\"lazy\" decoding=\"async\" class=\"aligncenter size-thumbnail wp-image-4040\" title=\"Sae eelk\u00e4ijad\" src=\"http:\/\/castle.pri.ee\/wp-content\/uploads\/2010\/06\/Sae-eelk\u00e4ijad-150x150.jpg\" alt=\"\" width=\"150\" height=\"150\" \/><\/a>\u00a0<\/p>\n<p>\u00a0<\/p>\n<p>Nii sae kasutamise oskus kui ka seda t\u00e4histav s\u00f5na v\u00f5eti \u00fcle sakslastelt. <a href=\"http:\/\/et.wikipedia.org\/wiki\/Saag\">Esimesena hakkasid eestlased<\/a> kasutama uurdesaage ning v\u00e4ikesi noaga sarnanevaid ora- ehk tikksaage ja puss-saage, mida kasutati peamiselt n\u00f5ude ja rataste valmistamisel. Orasaage nimetati m\u00f5nikord ka vargasaagideks, sest vargad kasutasid neid aidalukkude v\u00e4ljasaagimiseks. Esimeste saagide hulgas oli ka piki k\u00e4epidet kinnitatud v\u00e4ikese l\u00f5ikes\u00fcgavusega p\u00f5\u00f5nasaag. Mujal v\u00e4ga varajane raamsaag levis Eestis alles 19. sajandi teisel poolel ning meile k\u00f5ige tuttavam vukssaag alles sajandi l\u00f5pul.<\/p>\n<p><strong>K\u00e4sisaag<\/strong> on t\u00f6\u00f6riist, mida kasutatakse k\u00e4sitsi saagimiseks.<\/p>\n<p style=\"text-align: center;\"><span><a href=\"http:\/\/castle.pri.ee\/wp-content\/uploads\/2010\/06\/K\u00e4sisaag.jpg\" target=\"_new\"><img loading=\"lazy\" decoding=\"async\" class=\"aligncenter size-thumbnail wp-image-4044\" title=\"K\u00e4sisaag\" src=\"http:\/\/castle.pri.ee\/wp-content\/uploads\/2010\/06\/K\u00e4sisaag-150x150.jpg\" alt=\"\" width=\"150\" height=\"150\" \/><\/a><\/span><\/p>\n<p style=\"text-align: center;\"><span><a href=\"http:\/\/castle.pri.ee\/wp-content\/uploads\/2010\/06\/saag.jpg\" target=\"_new\"><img loading=\"lazy\" decoding=\"async\" class=\"aligncenter size-thumbnail wp-image-4048\" title=\"saag\" src=\"http:\/\/castle.pri.ee\/wp-content\/uploads\/2010\/06\/saag-150x150.jpg\" alt=\"\" width=\"150\" height=\"150\" \/><\/a><\/span><\/p>\n<p><strong>Vukssaag<\/strong> on \u00fcldotstarbeline puidusaagimise k\u00e4sisaag.<\/p>\n<p style=\"text-align: center;\"><span><a href=\"http:\/\/castle.pri.ee\/wp-content\/uploads\/2010\/06\/Suursaag-kahemehesaag-Mihkli-Talumuuseumis.jpg\" target=\"_new\"><img loading=\"lazy\" decoding=\"async\" class=\"aligncenter size-thumbnail wp-image-4051\" title=\"Suursaag (kahemehesaag) Mihkli Talumuuseumis\" src=\"http:\/\/castle.pri.ee\/wp-content\/uploads\/2010\/06\/Suursaag-kahemehesaag-Mihkli-Talumuuseumis-150x150.jpg\" alt=\"\" width=\"150\" height=\"150\" \/><\/a><\/span><\/p>\n<p style=\"text-align: center;\"><span>Suursaag (kahemehesaag)\u00a0\u00a0<a href=\"http:\/\/castle.pri.ee\/wp-content\/uploads\/2010\/06\/saag.jpg\" target=\"_new\"><\/a><\/span><\/p>\n<p style=\"text-align: center;\"><span><a href=\"http:\/\/castle.pri.ee\/wp-content\/uploads\/2010\/06\/Lauasaag-Mihkli-Talumuuseumis.jpg\" target=\"_new\"><img loading=\"lazy\" decoding=\"async\" class=\"aligncenter size-thumbnail wp-image-4056\" title=\"Lauasaag Mihkli Talumuuseumis\" src=\"http:\/\/castle.pri.ee\/wp-content\/uploads\/2010\/06\/Lauasaag-Mihkli-Talumuuseumis-150x150.jpg\" alt=\"\" width=\"150\" height=\"150\" \/><\/a><\/span><\/p>\n<p>\u00a0<\/p>\n<p>Lauasaag<\/p>\n<p>Mihkli Talumuuseumis<\/p>\n<p><a href=\"http:\/\/et.wikipedia.org\/wiki\/Saag\">Saagi<\/a> iseloomustavateks suurusteks on eelk\u00f5ige saehamba kuju ja suurus (hammaste arv \u00fche tolli kohta). Saeketta t\u00e4htsamateks parameetriteks on lisaks ketta l\u00e4bim\u00f5\u00f5t ja paksus. S\u00f5ltuvalt otstarbest (risti- v\u00f5i pikisaagimine) on saehambad erineva kujuga, kuid kasutatakse ka universaalsaage.<\/p>\n<p style=\"text-align: center;\"><span><a href=\"http:\/\/castle.pri.ee\/wp-content\/uploads\/2010\/06\/hambaid.jpg\" target=\"_new\"><img loading=\"lazy\" decoding=\"async\" class=\"aligncenter size-thumbnail wp-image-4060\" title=\"hambaid\" src=\"http:\/\/castle.pri.ee\/wp-content\/uploads\/2010\/06\/hambaid-150x150.jpg\" alt=\"\" width=\"150\" height=\"150\" \/><\/a><\/span><\/p>\n<p style=\"text-align: center;\"><span><a href=\"http:\/\/castle.pri.ee\/wp-content\/uploads\/2010\/06\/stuslo1_4.jpg\" target=\"_new\"><img loading=\"lazy\" decoding=\"async\" class=\"aligncenter size-thumbnail wp-image-4063\" title=\"stuslo1_4\" src=\"http:\/\/castle.pri.ee\/wp-content\/uploads\/2010\/06\/stuslo1_4-150x150.jpg\" alt=\"\" width=\"150\" height=\"150\" \/><\/a><\/span><\/p>\n<p>\u00dchtlase paksusega saeleht v\u00f5i -ketas kipub saagimisel h\u00f5\u00f5rdumise ja soojuspaisumise t\u00f5ttu saeteesse kinni j\u00e4\u00e4ma. Seet\u00f5ttu saehambad enamasti <a href=\"http:\/\/et.wikipedia.org\/wiki\/Saag\">r\u00e4satakse<\/a> \u2013 painutatakse vaheldumisi kummalegi poole k\u00f5rvale. Samal otstarbel v\u00f5idakse hambaid ka paksendada, ketas osaliselt n\u00f5gusaks lihvida v\u00f5i kasutada hambatippudesse kinnitatud k\u00f5vasulamplaatidega saage.<\/p>\n<p>\u00a0\u00a0\u00a0\u00a0\u00a0\u00a0\u00a0\u00a0\u00a0 <strong>J\u00e4rkamisrenne <\/strong>ehk saagimisrenn abil on\u00a0 h\u00f5lpus l\u00f5igata t\u00e4pse pikkuse ja kujuga detaile.<\/p>\n<p style=\"text-align: center;\"><span><a href=\"http:\/\/castle.pri.ee\/wp-content\/uploads\/2010\/06\/Sae-eelk\u00e4ijad.jpg\" target=\"_new\"><\/a><\/span><a href=\"http:\/\/castle.pri.ee\/wp-content\/uploads\/2010\/06\/IMG_5508_1.jpg\" target=\"_new\"><img loading=\"lazy\" decoding=\"async\" class=\"aligncenter size-thumbnail wp-image-4068\" title=\"IMG_5508_1\" src=\"http:\/\/castle.pri.ee\/wp-content\/uploads\/2010\/06\/IMG_5508_1-150x150.jpg\" alt=\"\" width=\"150\" height=\"150\" \/><\/a><\/p>\n<p style=\"text-align: center;\">\u00a0<a href=\"http:\/\/castle.pri.ee\/wp-content\/uploads\/2010\/06\/IMG_5511.jpg\" target=\"_new\"><img loading=\"lazy\" decoding=\"async\" class=\"aligncenter size-thumbnail wp-image-4071\" title=\"IMG_5511\" src=\"http:\/\/castle.pri.ee\/wp-content\/uploads\/2010\/06\/IMG_5511-150x150.jpg\" alt=\"\" width=\"150\" height=\"150\" \/><\/a><\/p>\n<p style=\"text-align: center;\"><strong>M\u00f5ned ohutusalased n\u00f5uanded<\/strong><\/p>\n<ol>\n<li>Saagimise ajal hoja teine k\u00e4si nii, et saag sulle k\u00e4tte ei l\u00f5ikaks, kui saeteest v\u00e4lja h\u00fcppab.<\/li>\n<li>\u00c4ra kunagi kiirusta.<\/li>\n<li>T\u00f6\u00f6tamise ajal \u00e4ra lase t\u00e4helepanul hajuda.<\/li>\n<\/ol>\n","protected":false},"excerpt":{"rendered":"<p>Saag on \u00fcks vajalikumaid ja levinumaid t\u00f6\u00f6riistu nii koduses majapidamises, v\u00e4iket\u00f6\u00f6kojas kui ka puidu- ja m\u00f6\u00f6blit\u00f6\u00f6stuses. Saag on \u00fcldjuhul hammastega t\u00f6\u00f6riist materjalide l\u00f5ikamiseks. Traditsiooniliselt kasutatakse saagi k\u00f5ige rohkem puidu l\u00f5ikamiseks, kuid saagida saab ka n\u00e4iteks metalle, plastmasse, luud ja kivi. Saag on \u00fcks vanemaid t\u00f6\u00f6riistu, mille eelk\u00e4ijaks v\u00f5ime lugeda juba kiviaegseid sakilise servaga kivist ja [&hellip;]<\/p>\n","protected":false},"author":1,"featured_media":0,"parent":3921,"menu_order":9,"comment_status":"open","ping_status":"closed","template":"","meta":{"_monsterinsights_skip_tracking":false,"_monsterinsights_sitenote_active":false,"_monsterinsights_sitenote_note":"","_monsterinsights_sitenote_category":0,"ngg_post_thumbnail":0,"footnotes":""},"_links":{"self":[{"href":"http:\/\/castle.pri.ee\/index.php?rest_route=\/wp\/v2\/pages\/4037"}],"collection":[{"href":"http:\/\/castle.pri.ee\/index.php?rest_route=\/wp\/v2\/pages"}],"about":[{"href":"http:\/\/castle.pri.ee\/index.php?rest_route=\/wp\/v2\/types\/page"}],"author":[{"embeddable":true,"href":"http:\/\/castle.pri.ee\/index.php?rest_route=\/wp\/v2\/users\/1"}],"replies":[{"embeddable":true,"href":"http:\/\/castle.pri.ee\/index.php?rest_route=%2Fwp%2Fv2%2Fcomments&post=4037"}],"version-history":[{"count":34,"href":"http:\/\/castle.pri.ee\/index.php?rest_route=\/wp\/v2\/pages\/4037\/revisions"}],"predecessor-version":[{"id":8642,"href":"http:\/\/castle.pri.ee\/index.php?rest_route=\/wp\/v2\/pages\/4037\/revisions\/8642"}],"up":[{"embeddable":true,"href":"http:\/\/castle.pri.ee\/index.php?rest_route=\/wp\/v2\/pages\/3921"}],"wp:attachment":[{"href":"http:\/\/castle.pri.ee\/index.php?rest_route=%2Fwp%2Fv2%2Fmedia&parent=4037"}],"curies":[{"name":"wp","href":"https:\/\/api.w.org\/{rel}","templated":true}]}}