{"id":4017,"date":"2010-06-01T18:55:29","date_gmt":"2010-06-01T16:55:29","guid":{"rendered":"http:\/\/castle.pri.ee\/?page_id=4017"},"modified":"2010-06-14T09:53:29","modified_gmt":"2010-06-14T07:53:29","slug":"pindade-puhastamine","status":"publish","type":"page","link":"http:\/\/castle.pri.ee\/?page_id=4017","title":{"rendered":"Pindade puhastamine"},"content":{"rendered":"<p style=\"text-align: left;\">\u00a0\u00a0\u00a0\u00a0 Saetud puidupind on kare. <strong>Pindade puhastamiseks<\/strong> kasuta rasplit, viili ja lihvimispaberit. T\u00f6\u00f6eseme otsi ja kumeraid servi silutakse k\u00f5igepealt <strong>lapikviiliga<\/strong>, n\u00f5gusaid serv aga <strong>pool\u00fcmar<\/strong>&#8212; v\u00f5i <strong>\u00fcmarviiliga<\/strong>. Viilimiseks kinnitatakse detail t\u00f6\u00f6laua suru vahele ja viili hoitakse kahe k\u00e4ega. Seejuures peab viil liikuma piki serva v\u00f5i selle suhtes v\u00f5imalikult v\u00e4ikese nurga all. Ristisuunas viilides v\u00f5ivad eseme kantidelt killud lahti murdudu. <strong>Viil<\/strong> on mitmel\u00f5ikuriline l\u00f5ikeriist materjali pinnalt \u00f5hukeste kihtide eemaldamiseks. T\u00e4psemaks t\u00f6\u00f6ks on v\u00e4ikesed n\u00f5elviilid. N\u00f5elviil on v\u00e4ike viil. V\u00e4ikeste keeruka kujuga esemete kujundamisel kasutatakse ka viilimispinke.\u00a0<strong>Raspel<\/strong> on suurte ja harvade, harilikult poolkoonusekujuliste hammastega viil.\u00a0Viilide puhastamiseks kasuta <strong>traatharja<\/strong>.<\/p>\n<p style=\"text-align: center;\">\u00a0<\/p>\n<p style=\"text-align: center;\"><a href=\"http:\/\/castle.pri.ee\/wp-content\/uploads\/2010\/06\/n\u00f5elviilid.jpg\" target=\"_new\"><img loading=\"lazy\" decoding=\"async\" class=\"aligncenter size-thumbnail wp-image-4022\" title=\"n\u00f5elviilid\" src=\"http:\/\/castle.pri.ee\/wp-content\/uploads\/2010\/06\/n\u00f5elviilid-150x150.jpg\" alt=\"\" width=\"150\" height=\"150\" \/><\/a><\/p>\n<p>\u00a0<\/p>\n<p style=\"text-align: center;\"><a href=\"http:\/\/castle.pri.ee\/wp-content\/uploads\/2010\/06\/viilid.jpg\" target=\"_new\"><img loading=\"lazy\" decoding=\"async\" class=\"aligncenter size-thumbnail wp-image-4024\" title=\"viilid\" src=\"http:\/\/castle.pri.ee\/wp-content\/uploads\/2010\/06\/viilid-150x150.jpg\" alt=\"\" width=\"150\" height=\"150\" \/><\/a><\/p>\n<p style=\"text-align: center;\"><a href=\"http:\/\/castle.pri.ee\/wp-content\/uploads\/2010\/06\/raspel.jpg\" target=\"_new\"><img loading=\"lazy\" decoding=\"async\" class=\"aligncenter size-thumbnail wp-image-4027\" title=\"raspel\" src=\"http:\/\/castle.pri.ee\/wp-content\/uploads\/2010\/06\/raspel-150x150.jpg\" alt=\"\" width=\"150\" height=\"150\" \/><\/a><\/p>\n<p style=\"text-align: center;\">\u00a0<a href=\"http:\/\/castle.pri.ee\/wp-content\/uploads\/2010\/06\/traathari.jpg\" target=\"_new\"><img loading=\"lazy\" decoding=\"async\" class=\"aligncenter size-thumbnail wp-image-4029\" title=\"traathari\" src=\"http:\/\/castle.pri.ee\/wp-content\/uploads\/2010\/06\/traathari-150x150.jpg\" alt=\"\" width=\"150\" height=\"150\" \/><\/a><\/p>\n<p>Puidu lihvimiseks kasutatakse mitmesuguseid lihvpabereid. <strong>Liivapaber<\/strong> ehk <strong>abrasiivpaber<\/strong> on paber v\u00f5i riie, mille \u00fchele poolele on liimitud peent liiva, mida kasutatakse abrasiivina.<strong> <\/strong>Lihvimisel on kaks v\u00f5imalust: kasuta lihvimisklotsi, mille \u00fcmber pane lihvimispaber, v\u00f5i lihvi ilma lihvimisklotsits. Suuremaid detaile lihvi kahe k\u00e4ega. Karedat puidupinda lihvitakse algul <strong>j\u00e4medateralise<\/strong> ja seej\u00e4rel <strong>peeneteralise<\/strong> v\u00f5i kulunud paberiga h\u00f5\u00f5rudes.<\/p>\n<p><strong>Puitu lihvitakse v\u00f5imaluse korral pikikiudude v\u00f5i kiudude suhtes v\u00e4ikese nurga all.<\/strong><\/p>\n<p><strong><a href=\"http:\/\/www.wikipedia.com\/\">Lihvimine<\/a><\/strong> on materjalide l\u00f5iket\u00f6\u00f6tlemine abrasiivl\u00f5ikeriistaga, mille l\u00f5ikavateks elementideks on abrasiivmaterjalide terad.<\/p>\n<p><strong>Abrasiiv<\/strong> ehk <strong>abrasiivmaterjal<\/strong> on suure k\u00f5vadusega teraline kristalne aine, mille osakeste teravad servad kokkupuutes pehmema materjaliga kriimustavad ja kulutavad pinda.<\/p>\n<p style=\"text-align: center;\"><a href=\"http:\/\/castle.pri.ee\/wp-content\/uploads\/2010\/06\/kolodki-1_1.jpg\" target=\"_new\"><img loading=\"lazy\" decoding=\"async\" class=\"aligncenter size-thumbnail wp-image-4033\" title=\"kolodki 1_1\" src=\"http:\/\/castle.pri.ee\/wp-content\/uploads\/2010\/06\/kolodki-1_1-150x150.jpg\" alt=\"\" width=\"150\" height=\"150\" \/><\/a><\/p>\n<p style=\"text-align: center;\">\u00a0<a href=\"http:\/\/castle.pri.ee\/wp-content\/uploads\/2010\/06\/kolodki-2_1.jpg\" target=\"_new\"><img loading=\"lazy\" decoding=\"async\" class=\"aligncenter size-thumbnail wp-image-4035\" title=\"kolodki 2_1\" src=\"http:\/\/castle.pri.ee\/wp-content\/uploads\/2010\/06\/kolodki-2_1-150x150.jpg\" alt=\"\" width=\"150\" height=\"150\" \/><\/a><\/p>\n<p style=\"text-align: left;\">Rists\u00f5na <a href=\"http:\/\/castle.pri.ee\/wp-content\/uploads\/2010\/06\/Pindade_puhastamine.htm\">Pindade_puhastamine<\/a>\u00a0<\/p>\n","protected":false},"excerpt":{"rendered":"<p>\u00a0\u00a0\u00a0\u00a0 Saetud puidupind on kare. Pindade puhastamiseks kasuta rasplit, viili ja lihvimispaberit. T\u00f6\u00f6eseme otsi ja kumeraid servi silutakse k\u00f5igepealt lapikviiliga, n\u00f5gusaid serv aga pool\u00fcmar&#8212; v\u00f5i \u00fcmarviiliga. Viilimiseks kinnitatakse detail t\u00f6\u00f6laua suru vahele ja viili hoitakse kahe k\u00e4ega. Seejuures peab viil liikuma piki serva v\u00f5i selle suhtes v\u00f5imalikult v\u00e4ikese nurga all. Ristisuunas viilides v\u00f5ivad eseme kantidelt [&hellip;]<\/p>\n","protected":false},"author":1,"featured_media":0,"parent":3921,"menu_order":8,"comment_status":"open","ping_status":"closed","template":"","meta":{"_monsterinsights_skip_tracking":false,"_monsterinsights_sitenote_active":false,"_monsterinsights_sitenote_note":"","_monsterinsights_sitenote_category":0,"ngg_post_thumbnail":0,"footnotes":""},"_links":{"self":[{"href":"http:\/\/castle.pri.ee\/index.php?rest_route=\/wp\/v2\/pages\/4017"}],"collection":[{"href":"http:\/\/castle.pri.ee\/index.php?rest_route=\/wp\/v2\/pages"}],"about":[{"href":"http:\/\/castle.pri.ee\/index.php?rest_route=\/wp\/v2\/types\/page"}],"author":[{"embeddable":true,"href":"http:\/\/castle.pri.ee\/index.php?rest_route=\/wp\/v2\/users\/1"}],"replies":[{"embeddable":true,"href":"http:\/\/castle.pri.ee\/index.php?rest_route=%2Fwp%2Fv2%2Fcomments&post=4017"}],"version-history":[{"count":19,"href":"http:\/\/castle.pri.ee\/index.php?rest_route=\/wp\/v2\/pages\/4017\/revisions"}],"predecessor-version":[{"id":4325,"href":"http:\/\/castle.pri.ee\/index.php?rest_route=\/wp\/v2\/pages\/4017\/revisions\/4325"}],"up":[{"embeddable":true,"href":"http:\/\/castle.pri.ee\/index.php?rest_route=\/wp\/v2\/pages\/3921"}],"wp:attachment":[{"href":"http:\/\/castle.pri.ee\/index.php?rest_route=%2Fwp%2Fv2%2Fmedia&parent=4017"}],"curies":[{"name":"wp","href":"https:\/\/api.w.org\/{rel}","templated":true}]}}