{"id":4001,"date":"2010-06-01T18:54:26","date_gmt":"2010-06-01T16:54:26","guid":{"rendered":"http:\/\/castle.pri.ee\/?page_id=4001"},"modified":"2010-06-14T09:53:50","modified_gmt":"2010-06-14T07:53:50","slug":"tooriistad-ja-nende-kasutamine","status":"publish","type":"page","link":"http:\/\/castle.pri.ee\/?page_id=4001","title":{"rendered":"T\u00f6\u00f6riistad ja nende kasutamine"},"content":{"rendered":"<p>T\u00f6\u00f6vahendeid, mille abil inimene materjali t\u00f6\u00f6tleb, nimetatakse <strong>t\u00f6\u00f6riistadeks<\/strong>. T\u00f6\u00f6 h\u00f5lbustamiseks on aegade jooksul v\u00e4lja m\u00f5eldud mitmesuguseid masinaid. Koolit\u00f6\u00f6kojas tehakse v\u00e4ga mitmesuguseid t\u00f6id, seet\u00f5ttu on tarvis ka erinevaid t\u00f6\u00f6riistu. Nendega tutvud sa t\u00f6\u00f6\u00f5petuse tundides erinevate t\u00f6\u00f6liikide juures. K\u00f5iki t\u00f6\u00f6riistu tuleb k\u00e4sitseda hoolikalt,siis p\u00fcsivad nad kaua t\u00f6\u00f6korras ja neid saavad kasutada k\u00f5ikide klasside \u00f5pilased. Igas t\u00f6\u00f6kojas olgu kindel kord,kuhu ja kuidas t\u00f6\u00f6riistad paigutada (kappidese,t\u00f6\u00f6kohtadele v\u00f5i m\u00f5nel muul viisil). Seda korda tuleb j\u00e4lgida alati. Iga \u00f5pilane kasutagu ainult temale etten\u00e4htud t\u00f6\u00f6riistu ja p\u00e4rast t\u00f6\u00f6 l\u00f5ppu tuleb need loomulikut panna endisele kohale. Igast rikkest t\u00f6\u00f6riista juures teata kohe \u00f5petajale.<\/p>\n<p style=\"text-align: center;\"><strong>Vineeri saagimine<\/strong><\/p>\n<p>Sae vineeri v\u00f5i \u00f5hukest lauda k\u00f5verjoont m\u00f6\u00f6da kitsa ja \u00f5hukese <strong>j\u00f5hvsaega (vineerisaega).<\/strong><\/p>\n<p>J\u00f5hvsae leht kinnitatakse elastest <strong>terasliistust<\/strong> valmistatud raami vahele hamba terasvikkudega k\u00e4epideme poole. Saelehe pingutamiseks tuleb raam enne kinnitusmutrite kinnikeeramist parasjagu koomale pigistada.<\/p>\n<p style=\"text-align: center;\"><a href=\"http:\/\/castle.pri.ee\/wp-content\/uploads\/2010\/06\/IMG_5324.jpg\" target=\"_new\"><img loading=\"lazy\" decoding=\"async\" class=\"aligncenter size-thumbnail wp-image-4005\" title=\"IMG_5324\" src=\"http:\/\/castle.pri.ee\/wp-content\/uploads\/2010\/06\/IMG_5324-150x150.jpg\" alt=\"\" width=\"150\" height=\"150\" \/><\/a><\/p>\n<p style=\"text-align: center;\"><a href=\"http:\/\/castle.pri.ee\/wp-content\/uploads\/2010\/06\/IMG_5315.jpg\" target=\"_new\"><img loading=\"lazy\" decoding=\"async\" class=\"aligncenter size-thumbnail wp-image-4006\" title=\"IMG_5315\" src=\"http:\/\/castle.pri.ee\/wp-content\/uploads\/2010\/06\/IMG_5315-150x150.jpg\" alt=\"\" width=\"150\" height=\"150\" \/><\/a><\/p>\n<p>J\u00f5hvsaega saetakse istudes, kusjuures saetav materjal peab olema ligikaudu rinna k\u00f5rgusel surutuna tihedasti vastu saagimisalust. Saag liigub kogu aeg t\u00e4pselt vertikaalasendis \u00fclesalla saagimisaluse \u00fcmmarguses avas. Materjali liigutatakse ja p\u00f6\u00f6ratakse vastavalt vajadusele vasaku k\u00e4ega. Sisekontuuride v\u00e4ljasaagimiseks puuritakse v\u00f5i uuristatakse vineeri sisse ava, kust saeleht enne raami vahele kinnitamist l\u00e4bi pannakse.<\/p>\n<p style=\"text-align: center;\"><a href=\"http:\/\/castle.pri.ee\/wp-content\/uploads\/2010\/06\/IMG_5571.jpg\" target=\"_new\"><img loading=\"lazy\" decoding=\"async\" class=\"aligncenter size-thumbnail wp-image-4012\" title=\"IMG_5571\" src=\"http:\/\/castle.pri.ee\/wp-content\/uploads\/2010\/06\/IMG_5571-150x150.jpg\" alt=\"\" width=\"150\" height=\"150\" \/><\/a><\/p>\n<p style=\"text-align: center;\">\u00a0<br \/>\n<strong>OHUTUSN\u00d5UDED<\/strong><br \/>\n\u00a0<\/p>\n<p>1. \u00c4rge kiirustage.<\/p>\n<p>2. \u00c4rge pange k\u00e4si tera ette.<\/p>\n<p>3. Kinnitage tera hoolikalt.\u00a0\u00a0\u00a0\u00a0\u00a0\u00a0<\/p>\n<p>4. L\u00f5igake jooni t\u00e4pselt.<\/p>\n<p>5. T\u00f6\u00f6koht olgu h\u00e4sti valgustatud.<\/p>\n<p>6. Kinnitage enda t\u00f6\u00f6laud kindlalt.<\/p>\n<p>7. \u00c4rge painutage saelehte liiga.<\/p>\n<p>Rists\u00f5na<\/p>\n","protected":false},"excerpt":{"rendered":"<p>T\u00f6\u00f6vahendeid, mille abil inimene materjali t\u00f6\u00f6tleb, nimetatakse t\u00f6\u00f6riistadeks. T\u00f6\u00f6 h\u00f5lbustamiseks on aegade jooksul v\u00e4lja m\u00f5eldud mitmesuguseid masinaid. Koolit\u00f6\u00f6kojas tehakse v\u00e4ga mitmesuguseid t\u00f6id, seet\u00f5ttu on tarvis ka erinevaid t\u00f6\u00f6riistu. Nendega tutvud sa t\u00f6\u00f6\u00f5petuse tundides erinevate t\u00f6\u00f6liikide juures. K\u00f5iki t\u00f6\u00f6riistu tuleb k\u00e4sitseda hoolikalt,siis p\u00fcsivad nad kaua t\u00f6\u00f6korras ja neid saavad kasutada k\u00f5ikide klasside \u00f5pilased. Igas t\u00f6\u00f6kojas olgu [&hellip;]<\/p>\n","protected":false},"author":1,"featured_media":0,"parent":3921,"menu_order":7,"comment_status":"open","ping_status":"closed","template":"","meta":{"_monsterinsights_skip_tracking":false,"_monsterinsights_sitenote_active":false,"_monsterinsights_sitenote_note":"","_monsterinsights_sitenote_category":0,"ngg_post_thumbnail":0,"footnotes":""},"_links":{"self":[{"href":"http:\/\/castle.pri.ee\/index.php?rest_route=\/wp\/v2\/pages\/4001"}],"collection":[{"href":"http:\/\/castle.pri.ee\/index.php?rest_route=\/wp\/v2\/pages"}],"about":[{"href":"http:\/\/castle.pri.ee\/index.php?rest_route=\/wp\/v2\/types\/page"}],"author":[{"embeddable":true,"href":"http:\/\/castle.pri.ee\/index.php?rest_route=\/wp\/v2\/users\/1"}],"replies":[{"embeddable":true,"href":"http:\/\/castle.pri.ee\/index.php?rest_route=%2Fwp%2Fv2%2Fcomments&post=4001"}],"version-history":[{"count":18,"href":"http:\/\/castle.pri.ee\/index.php?rest_route=\/wp\/v2\/pages\/4001\/revisions"}],"predecessor-version":[{"id":4326,"href":"http:\/\/castle.pri.ee\/index.php?rest_route=\/wp\/v2\/pages\/4001\/revisions\/4326"}],"up":[{"embeddable":true,"href":"http:\/\/castle.pri.ee\/index.php?rest_route=\/wp\/v2\/pages\/3921"}],"wp:attachment":[{"href":"http:\/\/castle.pri.ee\/index.php?rest_route=%2Fwp%2Fv2%2Fmedia&parent=4001"}],"curies":[{"name":"wp","href":"https:\/\/api.w.org\/{rel}","templated":true}]}}