{"id":3997,"date":"2010-06-01T18:58:17","date_gmt":"2010-06-01T16:58:17","guid":{"rendered":"http:\/\/castle.pri.ee\/?page_id=3997"},"modified":"2010-06-14T09:54:16","modified_gmt":"2010-06-14T07:54:16","slug":"masin-mehhanism-ja-detail","status":"publish","type":"page","link":"http:\/\/castle.pri.ee\/?page_id=3997","title":{"rendered":"Masin, mehhanism ja detail"},"content":{"rendered":"<p><strong>Skeem <\/strong>on seadme \u00fcldehitust ja t\u00f6\u00f6p\u00f5him\u00f5tet selgitav lihtsustatud joonis, kus kindlaid detaile v\u00f5i s\u00f5lmi kujutatakse leppem\u00e4rkide abil. \u00a0<\/p>\n<p style=\"text-align: center;\"><a href=\"http:\/\/castle.pri.ee\/wp-content\/uploads\/2010\/06\/R1.jpg\" target=\"_new\"><img loading=\"lazy\" decoding=\"async\" class=\"size-thumbnail wp-image-4136  aligncenter\" title=\"R1\" src=\"http:\/\/castle.pri.ee\/wp-content\/uploads\/2010\/06\/R1-150x150.jpg\" alt=\"\" width=\"150\" height=\"150\" \/><\/a>\u00a0<\/p>\n<p style=\"text-align: center;\"><strong><a href=\"http:\/\/castle.pri.ee\/wp-content\/uploads\/2010\/06\/1.jpg\" target=\"_new\"><\/a><\/strong><\/p>\n<p><strong>Detail<\/strong> on koostatud toote jagamatu, tervikuna valmistatud osa.<\/p>\n<p style=\"text-align: center;\"><a href=\"http:\/\/castle.pri.ee\/wp-content\/uploads\/2010\/06\/IMG_0850.jpg\" target=\"_new\"><img loading=\"lazy\" decoding=\"async\" class=\"size-thumbnail wp-image-4139  aligncenter\" title=\"IMG_0850\" src=\"http:\/\/castle.pri.ee\/wp-content\/uploads\/2010\/06\/IMG_0850-150x150.jpg\" alt=\"\" width=\"150\" height=\"150\" \/><\/a><\/p>\n<p>\u00a0<\/p>\n<p><strong>Kinemaatikaskeem <\/strong>on skeem, millel on tingm\u00e4rkidega kujutatud masina v\u00f5i mehhanismi liikuvad elemendid nende omavahelistes seostes.<\/p>\n<p style=\"text-align: center;\">\u00a0<a href=\"http:\/\/castle.pri.ee\/wp-content\/uploads\/2010\/06\/puurpink1.jpg\" target=\"_new\"><img loading=\"lazy\" decoding=\"async\" class=\"aligncenter size-thumbnail wp-image-4145\" title=\"puurpink\" src=\"http:\/\/castle.pri.ee\/wp-content\/uploads\/2010\/06\/puurpink1-150x150.jpg\" alt=\"\" width=\"150\" height=\"150\" \/><\/a><\/p>\n<p style=\"text-align: center;\">\u00a0<\/p>\n<p><strong>Liide<\/strong> on detailide \u00fchendamise viis. Liited v\u00f5ivad olla <strong>lahtiv\u00f5<a href=\"http:\/\/castle.pri.ee\/wp-content\/uploads\/2010\/06\/puurpink.jpg\"><\/a>etavad<\/strong> (poltliide, tappliide) ja <strong>mittelahtiv\u00f5etavad<\/strong> (needid, keevitus, jootmine, liimimine).<\/p>\n<p style=\"text-align: center;\"><a href=\"http:\/\/castle.pri.ee\/wp-content\/uploads\/2010\/06\/IMG_0865.jpg\" target=\"_new\"><img loading=\"lazy\" decoding=\"async\" class=\"aligncenter size-thumbnail wp-image-4147\" title=\"IMG_0865\" src=\"http:\/\/castle.pri.ee\/wp-content\/uploads\/2010\/06\/IMG_0865-150x150.jpg\" alt=\"\" width=\"150\" height=\"150\" \/><\/a>\u00a0<\/p>\n<p>\u00a0<\/p>\n<p><strong>Mehhanism <\/strong>on liikuvalt \u00fchendatud l\u00fclide s\u00fcsteem, mis sooritab rakendatud j\u00f5u m\u00f5jul teatud liikumisi.<\/p>\n<p style=\"text-align: center;\"><a href=\"http:\/\/castle.pri.ee\/wp-content\/uploads\/2010\/06\/reika.jpg\" target=\"_new\"><img loading=\"lazy\" decoding=\"async\" class=\"aligncenter size-thumbnail wp-image-4150\" title=\"reika\" src=\"http:\/\/castle.pri.ee\/wp-content\/uploads\/2010\/06\/reika-150x150.jpg\" alt=\"\" width=\"150\" height=\"150\" \/><\/a>\u00a0<\/p>\n<p>\u00a0<\/p>\n<p><strong>Masin<\/strong> &#8212; keerukam seade, mis koosneb paljudest mehhanismidest.<\/p>\n<p style=\"text-align: center;\"><a href=\"http:\/\/castle.pri.ee\/wp-content\/uploads\/2010\/06\/11.jpg\" target=\"_new\"><img loading=\"lazy\" decoding=\"async\" class=\"aligncenter size-thumbnail wp-image-4153\" title=\"1\" src=\"http:\/\/castle.pri.ee\/wp-content\/uploads\/2010\/06\/11-150x150.jpg\" alt=\"\" width=\"150\" height=\"150\" \/><\/a><\/p>\n<p style=\"text-align: center;\">\u00a0<\/p>\n<p>\u00a0<\/p>\n<p>Rists\u00f5na <a href=\"http:\/\/castle.pri.ee\/wp-content\/uploads\/2010\/06\/Masin_mehhanism_detail.htm\">Masin_mehhanism_detail<\/a><\/p>\n","protected":false},"excerpt":{"rendered":"<p>Skeem on seadme \u00fcldehitust ja t\u00f6\u00f6p\u00f5him\u00f5tet selgitav lihtsustatud joonis, kus kindlaid detaile v\u00f5i s\u00f5lmi kujutatakse leppem\u00e4rkide abil. \u00a0 \u00a0 Detail on koostatud toote jagamatu, tervikuna valmistatud osa. \u00a0 Kinemaatikaskeem on skeem, millel on tingm\u00e4rkidega kujutatud masina v\u00f5i mehhanismi liikuvad elemendid nende omavahelistes seostes. \u00a0 \u00a0 Liide on detailide \u00fchendamise viis. Liited v\u00f5ivad olla lahtiv\u00f5etavad (poltliide, [&hellip;]<\/p>\n","protected":false},"author":1,"featured_media":0,"parent":3921,"menu_order":6,"comment_status":"open","ping_status":"closed","template":"","meta":{"_monsterinsights_skip_tracking":false,"_monsterinsights_sitenote_active":false,"_monsterinsights_sitenote_note":"","_monsterinsights_sitenote_category":0,"ngg_post_thumbnail":0,"footnotes":""},"_links":{"self":[{"href":"http:\/\/castle.pri.ee\/index.php?rest_route=\/wp\/v2\/pages\/3997"}],"collection":[{"href":"http:\/\/castle.pri.ee\/index.php?rest_route=\/wp\/v2\/pages"}],"about":[{"href":"http:\/\/castle.pri.ee\/index.php?rest_route=\/wp\/v2\/types\/page"}],"author":[{"embeddable":true,"href":"http:\/\/castle.pri.ee\/index.php?rest_route=\/wp\/v2\/users\/1"}],"replies":[{"embeddable":true,"href":"http:\/\/castle.pri.ee\/index.php?rest_route=%2Fwp%2Fv2%2Fcomments&post=3997"}],"version-history":[{"count":24,"href":"http:\/\/castle.pri.ee\/index.php?rest_route=\/wp\/v2\/pages\/3997\/revisions"}],"predecessor-version":[{"id":4327,"href":"http:\/\/castle.pri.ee\/index.php?rest_route=\/wp\/v2\/pages\/3997\/revisions\/4327"}],"up":[{"embeddable":true,"href":"http:\/\/castle.pri.ee\/index.php?rest_route=\/wp\/v2\/pages\/3921"}],"wp:attachment":[{"href":"http:\/\/castle.pri.ee\/index.php?rest_route=%2Fwp%2Fv2%2Fmedia&parent=3997"}],"curies":[{"name":"wp","href":"https:\/\/api.w.org\/{rel}","templated":true}]}}