{"id":3984,"date":"2010-06-01T18:52:28","date_gmt":"2010-06-01T16:52:28","guid":{"rendered":"http:\/\/castle.pri.ee\/?page_id=3984"},"modified":"2010-06-14T09:55:10","modified_gmt":"2010-06-14T07:55:10","slug":"puitplaadid","status":"publish","type":"page","link":"http:\/\/castle.pri.ee\/?page_id=3984","title":{"rendered":"Puitplaadid"},"content":{"rendered":"<p style=\"text-align: center;\">\u00a0<\/p>\n<p>\u00a0\u00a0\u00a0\u00a0\u00a0 <strong>Puitplaadid<\/strong>: vineer, puitlaastplaat (tavaline v\u00f5i OSB), puitkiudplaat (pehme, MDF v\u00f5i k\u00f5va).<\/p>\n<p>K\u00f5iki neid on saadaval erineva niiskuskindlusega, pealistatuna muude materjalidega jne.<\/p>\n<p>\u00a0\u00a0\u00a0\u00a0 L<strong>aastplaat<\/strong> (puitlaastplaat) on peenestatud pudust ja sideainest kokku pressitud m\u00f6\u00f6blitoore ning ehituamaterjal.<\/p>\n<p><strong>OSB<\/strong> plaadi p\u00f5hiline v\u00e4\u00e4rtus seisneb selle f\u00fc\u00fcsikalis-mehaanilistes omadustes mis otseselt s\u00f5ltuvad kiu geomeetriast ja selle orientatsioonist plaadi sees.<\/p>\n<p><strong>\u00a0\u00a0\u00a0\u00a0 Kiudplaat<\/strong> (puitkiudplaat) on\u00a0 taimsetest kiududest ja sideainest koosnev tihe lehtmaterjal.<\/p>\n<p><strong>\u00a0\u00a0\u00a0\u00a0 Vineeriks <\/strong>nimetatakse \u00f5hukesi, puitlehti, mis on saadud t\u00fcvepuidust ringkoorimuse (treimise), h\u00f6\u00f6veldamise v\u00f5i saagimise teel.<strong>\u00a0\u00a0\u00a0\u00a0\u00a0 <\/strong><\/p>\n<p><strong>\u00a0\u00a0\u00a0\u00a0 Vineer<\/strong> on kihiline materjal, mis valmistatakse \u00f5hukeste puitlehtede (spoonilehtede) kokkuliimimise teel (vineeri paksus on 4\u201330 mm). <strong>Vineer <\/strong>on<strong> <\/strong>liimpuitleht, mis saadakse kolme v\u00f5i enamat spoonikihti ristamisi kokku liimides.<\/p>\n<p>Vineeri valmistamiseks kasutatakse kase- ja okaspuitu. Kasevineer on k\u00f5ige tugevam. V\u00e4litingimustesse sobib niiskus- ja veekindel kasevineer, selle saamiseks kasutatakse veekindlaid liime. Vineerplaatide tavalised laiused on 1520 x 1520 mm.<\/p>\n<p>\u00dcldiselt on okas- ja lehtpuu vineerplaatide valmistamise protsess sama: palgi koorimine, palgi aurutamine ja\/v\u00f5i leotamine, vineeri l\u00f5ikamine, vineeri kuivatamine, vineeri ettevalmistamine, liimi pealekandmine, pressimine, paneeli parajaksl\u00f5ikamine ja paneeli lihvimine.<\/p>\n<p><strong>\u00a0\u00a0\u00a0\u00a0 Vineeripakk <\/strong>on spooni valmistamiseks etten\u00e4htud palk.<\/p>\n<p style=\"text-align: center;\"><a href=\"http:\/\/castle.pri.ee\/wp-content\/uploads\/2010\/06\/Vineer_1.jpg\" target=\"_new\"><img loading=\"lazy\" decoding=\"async\" class=\"aligncenter size-thumbnail wp-image-3986\" title=\"Vineer_1\" src=\"http:\/\/castle.pri.ee\/wp-content\/uploads\/2010\/06\/Vineer_1-150x150.jpg\" alt=\"\" width=\"150\" height=\"150\" \/><\/a><\/p>\n<p style=\"text-align: center;\"><a href=\"http:\/\/castle.pri.ee\/wp-content\/uploads\/2010\/06\/Vineer_2.jpg\" target=\"_new\"><img loading=\"lazy\" decoding=\"async\" class=\"aligncenter size-thumbnail wp-image-3988\" title=\"Vineer_2\" src=\"http:\/\/castle.pri.ee\/wp-content\/uploads\/2010\/06\/Vineer_2-150x150.jpg\" alt=\"\" width=\"150\" height=\"150\" \/><\/a><\/p>\n<p><strong>\u00a0\u00a0\u00a0\u00a0 Spoon<\/strong> \u2013 (lehtvineer) \u00f5huke (0,3 &#8212; 3 mm paksume) puitmaterjal, mida kasutatakse vineeri ja painutatud detailide tootmiseks ning pindade katmiseks.<strong>Spooni tooraineks<\/strong> on vineeripakk, mille k\u00fcljest l\u00f5igatakse kas ringkoorimise v\u00f5i h\u00f6\u00f6veldamise teel \u00f5hukesi puidulehti. T\u00f6\u00f6tluseks valitakse v\u00f5imalikult veatud ja oksteta pakud. Elastsuse suurendamiseks kuumutatakse pakke vees v\u00f5i veeaurus (s\u00f5ltuvalt vineeripaku l\u00e4bim\u00f5\u00f5dust enamasti 8 tundi, tihedama tekstuuriga puidu puhul kauem).<\/p>\n<p style=\"text-align: center;\"><a href=\"http:\/\/castle.pri.ee\/wp-content\/uploads\/2010\/06\/shpon-lutcheny_eesti.jpg\" target=\"_new\"><img loading=\"lazy\" decoding=\"async\" class=\"aligncenter size-thumbnail wp-image-3991\" title=\"shpon lutcheny_eesti\" src=\"http:\/\/castle.pri.ee\/wp-content\/uploads\/2010\/06\/shpon-lutcheny_eesti-150x150.jpg\" alt=\"\" width=\"150\" height=\"150\" \/><\/a><\/p>\n<p><strong>\u00a0\u00a0\u00a0\u00a0 H\u00f6\u00f6velspooni<\/strong> kasutatakse k\u00f5ige rohkem puitplaatide dekoratiivseks pealistamiseks. Seet\u00f5ttu p\u00f6\u00f6ratakse nii puiduliigi kui ka paku l\u00f5ikesuuna valikul suurt t\u00e4helepanu puidu tekstuurile. K\u00f5ige ilmekama tekstuuriga on tangentsiaalselt l\u00f5igatud spoon.<\/p>\n<p style=\"text-align: center;\"><a href=\"http:\/\/castle.pri.ee\/wp-content\/uploads\/2010\/06\/shpon-strogany_eesti.jpg\" target=\"_new\"><img loading=\"lazy\" decoding=\"async\" class=\"aligncenter size-thumbnail wp-image-3995\" title=\"shpon strogany_eesti\" src=\"http:\/\/castle.pri.ee\/wp-content\/uploads\/2010\/06\/shpon-strogany_eesti-150x150.jpg\" alt=\"\" width=\"150\" height=\"150\" \/><\/a><\/p>\n<p>\u00a0<\/p>\n<p><a href=\"http:\/\/castle.pri.ee\/wp-content\/uploads\/2010\/06\/Puitplaadid_1.htm\">Rists\u00f5naPuitplaadid_1<\/a><\/p>\n","protected":false},"excerpt":{"rendered":"<p>\u00a0 \u00a0\u00a0\u00a0\u00a0\u00a0 Puitplaadid: vineer, puitlaastplaat (tavaline v\u00f5i OSB), puitkiudplaat (pehme, MDF v\u00f5i k\u00f5va). K\u00f5iki neid on saadaval erineva niiskuskindlusega, pealistatuna muude materjalidega jne. \u00a0\u00a0\u00a0\u00a0 Laastplaat (puitlaastplaat) on peenestatud pudust ja sideainest kokku pressitud m\u00f6\u00f6blitoore ning ehituamaterjal. OSB plaadi p\u00f5hiline v\u00e4\u00e4rtus seisneb selle f\u00fc\u00fcsikalis-mehaanilistes omadustes mis otseselt s\u00f5ltuvad kiu geomeetriast ja selle orientatsioonist plaadi sees. \u00a0\u00a0\u00a0\u00a0 [&hellip;]<\/p>\n","protected":false},"author":1,"featured_media":0,"parent":3921,"menu_order":4,"comment_status":"open","ping_status":"closed","template":"","meta":{"_monsterinsights_skip_tracking":false,"_monsterinsights_sitenote_active":false,"_monsterinsights_sitenote_note":"","_monsterinsights_sitenote_category":0,"ngg_post_thumbnail":0,"footnotes":""},"_links":{"self":[{"href":"http:\/\/castle.pri.ee\/index.php?rest_route=\/wp\/v2\/pages\/3984"}],"collection":[{"href":"http:\/\/castle.pri.ee\/index.php?rest_route=\/wp\/v2\/pages"}],"about":[{"href":"http:\/\/castle.pri.ee\/index.php?rest_route=\/wp\/v2\/types\/page"}],"author":[{"embeddable":true,"href":"http:\/\/castle.pri.ee\/index.php?rest_route=\/wp\/v2\/users\/1"}],"replies":[{"embeddable":true,"href":"http:\/\/castle.pri.ee\/index.php?rest_route=%2Fwp%2Fv2%2Fcomments&post=3984"}],"version-history":[{"count":15,"href":"http:\/\/castle.pri.ee\/index.php?rest_route=\/wp\/v2\/pages\/3984\/revisions"}],"predecessor-version":[{"id":4329,"href":"http:\/\/castle.pri.ee\/index.php?rest_route=\/wp\/v2\/pages\/3984\/revisions\/4329"}],"up":[{"embeddable":true,"href":"http:\/\/castle.pri.ee\/index.php?rest_route=\/wp\/v2\/pages\/3921"}],"wp:attachment":[{"href":"http:\/\/castle.pri.ee\/index.php?rest_route=%2Fwp%2Fv2%2Fmedia&parent=3984"}],"curies":[{"name":"wp","href":"https:\/\/api.w.org\/{rel}","templated":true}]}}