{"id":3945,"date":"2010-06-01T15:47:21","date_gmt":"2010-06-01T13:47:21","guid":{"rendered":"http:\/\/castle.pri.ee\/?page_id=3945"},"modified":"2010-06-14T09:55:30","modified_gmt":"2010-06-14T07:55:30","slug":"saematerjal","status":"publish","type":"page","link":"http:\/\/castle.pri.ee\/?page_id=3945","title":{"rendered":"Saematerjal"},"content":{"rendered":"<p><strong>Puidu<\/strong> saamiseks tuleb puu langetada ja t\u00fckeldada. Seda tehakse enamasti <strong>talvel<\/strong>. \u00dcmmargustest palkidest on v\u00e4ga raske valmistada tarbeesemeid, seep\u00e4rast l\u00f5igatakse nad pikisuunas mitmeks osaks. Seda tehakse saeveskis v\u00f5imsa masina \u2013 <strong>saeraami<\/strong> ehk <strong>saekaatri<\/strong> abil.<\/p>\n<p><strong>S<\/strong><strong>aekaater <\/strong>(saeraam) on saagimismasin, millega saetakse palke laudadeks.<\/p>\n<p><strong>\u00dcmarpuit<\/strong> on langetatud puu, millelt on eemaldatud latv ja k\u00f5ik oksad ja mida on v\u00f5i ei ole j\u00e4rgnevalt j\u00e4rgatud.<\/p>\n<p><strong>Palk<\/strong> on langetatud ja laasitud puut\u00fcve j\u00e4rkamisel saadud \u00fcmarpuit.<\/p>\n<p><strong>Post <\/strong>on pikk \u00fcmarpuit \u00fcksikult p\u00fcstiasendis kasutamiseks.<\/p>\n<p><strong>L\u00e4bim\u00f5\u00f5t <\/strong>on t\u00fcve v\u00f5i \u00fcmarpuidu pinnale t\u00f5mmatud kahe paralleelse tangentsiaaljoone vaheline kaugus.<\/p>\n<p><strong>Pikkus <\/strong>on l\u00fchim kaugus puidu\u00fchiku otste vahel.<strong>\u00a0\u00a0\u00a0\u00a0\u00a0\u00a0\u00a0\u00a0\u00a0\u00a0\u00a0 <\/strong><\/p>\n<p><strong>Saematerjal<\/strong> on puidu osad, mis on saadud suuremate m\u00f5\u00f5tmetega palkide v\u00f5i massiivpuidu pikisaagimisel v\u00f5i freesimisel j\u00e4rgneva v\u00f5imaliku j\u00e4rkamise v\u00f5i masint\u00f6\u00f6tlusega vajaliku kvaliteedi tagamiseks.<\/p>\n<p style=\"text-align: center;\"><a href=\"http:\/\/castle.pri.ee\/wp-content\/uploads\/2010\/05\/Servamata_laud.jpg\" target=\"_new\"><img loading=\"lazy\" decoding=\"async\" class=\"size-thumbnail wp-image-3952  aligncenter\" title=\"Servamata_laud\" src=\"http:\/\/castle.pri.ee\/wp-content\/uploads\/2010\/05\/Servamata_laud-150x150.jpg\" alt=\"\" width=\"150\" height=\"150\" \/><\/a><\/p>\n<p><strong>Pindlaud<\/strong> on palgi pindmisest osast saadud saematerjal, mille \u00fcks k\u00fclg on kumer. \u00a0<\/p>\n<p><strong>Servamata laud<\/strong> on saematerjal, mille \u00fcks, v\u00f5i kaks kanti on kumer.<\/p>\n<p><strong>Prussik<\/strong> (peenpruss) on saematerjal, mille laius on alla 100 mm ja paksus suurem kui pool laiust.\u00a0\u00a0\u00a0\u00a0\u00a0\u00a0\u00a0\u00a0\u00a0\u00a0\u00a0\u00a0\u00a0\u00a0\u00a0\u00a0\u00a0\u00a0\u00a0\u00a0\u00a0\u00a0\u00a0\u00a0\u00a0\u00a0<\/p>\n<p><strong>Karkassimaterjal<\/strong><strong> <\/strong><strong>on<\/strong> neljakandiline h\u00f6\u00f6veldatud materjal, mida saab kasutada karkassi, aluse, s\u00f5restiku, m\u00f6\u00f6bli jms valmistamisel.<\/p>\n<p><strong>Reika<\/strong> \u2013 saematerjal laiusega kuni 35 mm.<\/p>\n<p style=\"text-align: center;\"><a href=\"http:\/\/castle.pri.ee\/wp-content\/uploads\/2010\/05\/laud.jpg\" target=\"_new\"><img loading=\"lazy\" decoding=\"async\" class=\"size-thumbnail wp-image-3956  aligncenter\" title=\"laud\" src=\"http:\/\/castle.pri.ee\/wp-content\/uploads\/2010\/05\/laud-150x150.jpg\" alt=\"\" width=\"150\" height=\"150\" \/><\/a><\/p>\n<p>\u00a0<\/p>\n<p><strong>Laud<\/strong> on saematerjal, mille laius on suurem kahekordsest paksusest.<\/p>\n<p style=\"text-align: center;\"><a href=\"http:\/\/castle.pri.ee\/wp-content\/uploads\/2010\/05\/Pruus.jpg\" target=\"_new\"><img loading=\"lazy\" decoding=\"async\" class=\"size-thumbnail wp-image-3958  aligncenter\" title=\"Pruus\" src=\"http:\/\/castle.pri.ee\/wp-content\/uploads\/2010\/05\/Pruus-150x150.jpg\" alt=\"\" width=\"150\" height=\"150\" \/><\/a><\/p>\n<p>\u00a0<\/p>\n<p><strong>Pruus<\/strong> on saepuit, mis on saadud palgist pindlaudu \u00e4ra saagides.<\/p>\n<p style=\"text-align: center;\"><a href=\"http:\/\/castle.pri.ee\/wp-content\/uploads\/2010\/05\/pilomaterialy_eesti.jpg\" target=\"_new\"><img loading=\"lazy\" decoding=\"async\" class=\"size-thumbnail wp-image-3961  aligncenter\" title=\"pilomaterialy_eesti\" src=\"http:\/\/castle.pri.ee\/wp-content\/uploads\/2010\/05\/pilomaterialy_eesti-150x150.jpg\" alt=\"\" width=\"150\" height=\"150\" \/><\/a><\/p>\n<p><strong>K<\/strong><strong>\u00fclg<\/strong> on tooriku laiem pind.<\/p>\n<p><strong>Serv <\/strong>on laua- v\u00f5i risttahukakujulise tooriku kitsam pikik\u00fclg.<\/p>\n<p><strong>Kant<\/strong> on detaili l\u00f5ikuvate pindade terav \u00fchisosa.<\/p>\n<p><strong>Ots <\/strong>on<strong> <\/strong>ristl\u00f5ikega puidust<\/p>\n<p><strong>\u00a0<\/strong><\/p>\n<p><strong>\u00a0<a href=\"http:\/\/castle.pri.ee\/wp-content\/uploads\/2010\/06\/Saematerjal_11.htm\"><strong>Rists\u00f5na <\/strong>Saematerjal_11<\/a><\/strong><\/p>\n<p><a href=\"http:\/\/castle.pri.ee\/wp-content\/uploads\/2010\/06\/Saematerjal_2.htm\"><strong>Rists\u00f5na <\/strong>Saematerjal_2<\/a><\/p>\n","protected":false},"excerpt":{"rendered":"<p>Puidu saamiseks tuleb puu langetada ja t\u00fckeldada. Seda tehakse enamasti talvel. \u00dcmmargustest palkidest on v\u00e4ga raske valmistada tarbeesemeid, seep\u00e4rast l\u00f5igatakse nad pikisuunas mitmeks osaks. Seda tehakse saeveskis v\u00f5imsa masina \u2013 saeraami ehk saekaatri abil. Saekaater (saeraam) on saagimismasin, millega saetakse palke laudadeks. \u00dcmarpuit on langetatud puu, millelt on eemaldatud latv ja k\u00f5ik oksad ja mida [&hellip;]<\/p>\n","protected":false},"author":1,"featured_media":0,"parent":3921,"menu_order":3,"comment_status":"open","ping_status":"closed","template":"","meta":{"_monsterinsights_skip_tracking":false,"_monsterinsights_sitenote_active":false,"_monsterinsights_sitenote_note":"","_monsterinsights_sitenote_category":0,"ngg_post_thumbnail":0,"footnotes":""},"_links":{"self":[{"href":"http:\/\/castle.pri.ee\/index.php?rest_route=\/wp\/v2\/pages\/3945"}],"collection":[{"href":"http:\/\/castle.pri.ee\/index.php?rest_route=\/wp\/v2\/pages"}],"about":[{"href":"http:\/\/castle.pri.ee\/index.php?rest_route=\/wp\/v2\/types\/page"}],"author":[{"embeddable":true,"href":"http:\/\/castle.pri.ee\/index.php?rest_route=\/wp\/v2\/users\/1"}],"replies":[{"embeddable":true,"href":"http:\/\/castle.pri.ee\/index.php?rest_route=%2Fwp%2Fv2%2Fcomments&post=3945"}],"version-history":[{"count":25,"href":"http:\/\/castle.pri.ee\/index.php?rest_route=\/wp\/v2\/pages\/3945\/revisions"}],"predecessor-version":[{"id":4330,"href":"http:\/\/castle.pri.ee\/index.php?rest_route=\/wp\/v2\/pages\/3945\/revisions\/4330"}],"up":[{"embeddable":true,"href":"http:\/\/castle.pri.ee\/index.php?rest_route=\/wp\/v2\/pages\/3921"}],"wp:attachment":[{"href":"http:\/\/castle.pri.ee\/index.php?rest_route=%2Fwp%2Fv2%2Fmedia&parent=3945"}],"curies":[{"name":"wp","href":"https:\/\/api.w.org\/{rel}","templated":true}]}}