{"id":30,"date":"2009-06-21T11:27:32","date_gmt":"2009-06-21T09:27:32","guid":{"rendered":"http:\/\/castle.pri.ee\/?page_id=30"},"modified":"2020-01-31T18:14:22","modified_gmt":"2020-01-31T16:14:22","slug":"%d1%82%d1%80%d1%83%d0%b4","status":"publish","type":"page","link":"http:\/\/castle.pri.ee\/?page_id=30","title":{"rendered":"\u0422\u0440\u0443\u0434"},"content":{"rendered":"<p><strong>&#171;\u041d\u0430\u0434\u043e \u043f\u043e\u0441\u0442\u0430\u0432\u0438\u0442\u044c \u0441\u0432\u043e\u044e \u0436\u0438\u0437\u043d\u044c \u0432 \u0442\u0430\u043a\u0438\u0435 \u0443\u0441\u043b\u043e\u0432\u0438\u044f, \u0447\u0442\u043e\u0431\u044b \u0442\u0440\u0443\u0434 \u0431\u044b\u043b \u043d\u0435\u043e\u0431\u0445\u043e\u0434\u0438\u043c. <\/strong><\/p>\n<p><strong>\u0411\u0435\u0437 \u0442\u0440\u0443\u0434\u0430 \u043d\u0435 \u043c\u043e\u0436\u0435\u0442 \u0431\u044b\u0442\u044c \u0447\u0438\u0441\u0442\u043e\u0439 \u0438 \u0440\u0430\u0434\u043e\u0441\u0442\u043d\u043e\u0439 \u0436\u0438\u0437\u043d\u0438&#187;.<br \/>\n<\/strong><\/p>\n<p><strong>\u0410.\u041f.\u0427\u0415\u0425\u041e\u0412<\/strong><\/p>\n<p>&nbsp;<\/p>\n<p><strong>\u0422\u0440\u0443\u0434<\/strong> \u0447\u0435\u043b\u043e\u0432\u0435\u043a\u0430 \u044f\u0432\u043b\u044f\u0435\u0442\u0441\u044f \u0444\u0438\u0437\u0438\u0447\u0435\u0441\u043a\u043e\u0439 \u043d\u0435\u043e\u0431\u0445\u043e\u0434\u0438\u043c\u043e\u0441\u0442\u044c\u044e \u0438&nbsp;\u0434\u0443\u0445\u043e\u0432\u043d\u043e\u0439 \u043f\u043e\u0442\u0440\u0435\u0431\u043d\u043e\u0441\u0442\u044c\u044e.<\/p>\n<p>\u0422\u0440\u0443\u0434 \u2013 \u044d\u0442\u043e \u0441\u043c\u044b\u0441\u043b \u0436\u0438\u0437\u043d\u0438 \u0447\u0435\u043b\u043e\u0432\u0435\u043a\u0430&nbsp;\u0438 \u043e\u0441\u043d\u043e\u0432\u043d\u043e\u0439 \u0441\u043f\u043e\u0441\u043e\u0431 \u0441\u0430\u043c\u043e\u0443\u0442\u0432\u0435\u0440\u0436\u0434\u0435\u043d\u0438\u044f \u0447\u0435\u043b\u043e\u0432\u0435\u043a\u0430 \u0432 \u043c\u0438\u0440\u0435.<\/p>\n<p>\u0412 \u0442\u0440\u0443\u0434\u0435 \u0441\u043e\u0432\u0435\u0440\u0448\u0435\u043d\u0441\u0442\u0432\u0443\u044e\u0442\u0441\u044f \u0444\u0438\u0437\u0438\u0447\u0435\u0441\u043a\u0438\u0435 \u0438&nbsp;\u0434\u0443\u0445\u043e\u0432\u043d\u044b\u0435 \u043a\u0430\u0447\u0435\u0441\u0442\u0432\u0430 \u0447\u0435\u043b\u043e\u0432\u0435\u043a\u0430.<\/p>\n<p>\u041f\u043e\u0447\u0442\u0438 \u0432\u043e \u0432\u0441\u0435\u0445 \u0440\u0435\u043b\u0438\u0433\u0438\u044f\u0445,&nbsp;\u0444\u0438\u043b\u043e\u0441\u043e\u0444\u0438\u044f\u0445, \u043a\u0443\u043b\u044c\u0442\u0443\u0440\u0430\u0445 \u0442\u0440\u0443\u0434, \u043d\u0430\u043f\u0440\u0430\u0432\u043b\u0435\u043d\u043d\u044b\u0439&nbsp;\u043d\u0430 \u043c\u0430\u0442\u0435\u0440\u0438\u0430\u043b\u044c\u043d\u043e\u0435 \u043e\u0431\u043e\u0433\u0430\u0449\u0435\u043d\u0438\u0435,&nbsp;\u0441\u0447\u0438\u0442\u0430\u0435\u0442\u0441\u044f \u0431\u0435\u0437\u043d\u0440\u0430\u0432\u0441\u0442\u0432\u0435\u043d\u043d\u044b\u043c.<\/p>\n<p>\u0420\u0430\u0437\u043b\u0438\u0447\u0430\u044e\u0442 \u043c\u0430\u0442\u0435\u0440\u0438\u0430\u043b\u044c\u043d\u044b\u0439 (\u043f\u0440\u043e\u0438\u0437\u0432\u043e\u0434\u0441\u0442\u0432\u0435\u043d\u043d\u044b\u0439) \u0438&nbsp;\u043d\u0435\u043c\u0430\u0442\u0435\u0440\u0438\u0430\u043b\u044c\u043d\u044b\u0439 (\u0443\u043f\u0440\u0430\u0432\u043b\u0435\u043d\u0447\u0435\u0441\u043a\u0438\u0439) \u0442\u0440\u0443\u0434.<\/p>\n<p>\u041f\u0440\u043e\u0434\u0443\u043a\u0442 \u0442\u0440\u0443\u0434\u0430 \u0441\u0443\u0449\u0435\u0441\u0442\u0432\u0443\u0435\u0442 \u0432 \u0433\u043e\u043b\u043e\u0432\u0435 \u0447\u0435\u043b\u043e\u0432\u0435\u043a\u0430&nbsp;\u0434\u043e \u0435\u0433\u043e \u0441\u043e\u0437\u0434\u0430\u043d\u0438\u044f.<\/p>\n<p>\u041f\u0440\u0438 \u043f\u043e\u043c\u043e\u0449\u0438 \u043e\u0440\u0443\u0434\u0438\u0439 \u0442\u0440\u0443\u0434\u0430 \u0447\u0435\u043b\u043e\u0432\u0435\u043a \u0441\u043e\u0437\u0434\u0430\u0451\u0442 \u043f\u0440\u043e\u0434\u0443\u043a\u0442 \u0442\u0440\u0443\u0434\u0430.<\/p>\n<p><strong>\u0422\u0435\u0445\u043d\u043e\u043b\u043e\u0433\u0438\u044f<\/strong> (\u043e\u0442 \u0433\u0440\u0435\u0447. t\u00e9chne \u2014 \u0438\u0441\u043a\u0443\u0441\u0441\u0442\u0432\u043e, \u043c\u0430\u0441\u0442\u0435\u0440\u0441\u0442\u0432\u043e, \u0443\u043c\u0435\u043d\u0438\u0435&nbsp;\u0438 \u0433\u0440\u0435\u0447. logos \u2014 \u0438\u0437\u0443\u0447\u0435\u043d\u0438\u0435) \u2014 \u0441\u043e\u0432\u043e\u043a\u0443\u043f\u043d\u043e\u0441\u0442\u044c \u043c\u0435\u0442\u043e\u0434\u043e\u0432 \u0438&nbsp;\u0438\u043d\u0441\u0442\u0440\u0443\u043c\u0435\u043d\u0442\u043e\u0432 \u0434\u043b\u044f \u0434\u043e\u0441\u0442\u0438\u0436\u0435\u043d\u0438\u044f \u0436\u0435\u043b\u0430\u0435\u043c\u043e\u0433\u043e \u0440\u0435\u0437\u0443\u043b\u044c\u0442\u0430\u0442\u0430.<\/p>\n<p>\u0422\u0435\u0445\u043d\u043e\u043b\u043e\u0433\u0438\u044f (\u0432 \u0448\u0438\u0440\u043e\u043a\u043e\u043c \u0441\u043c\u044b\u0441\u043b\u0435) \u043e\u0431\u044a\u0451\u043c \u0437\u043d\u0430\u043d\u0438\u0439&nbsp;\u0434\u043b\u044f \u043f\u0440\u043e\u0438\u0437\u0432\u043e\u0434\u0441\u0442\u0432\u0430 \u0442\u043e\u0432\u0430\u0440\u043e\u0432 \u0438 \u0443\u0441\u043b\u0443\u0433.<\/p>\n<p>\u0422\u0435\u0445\u043d\u043e\u043b\u043e\u0433\u0438\u044f (\u0432 \u0443\u0437\u043a\u043e\u043c \u0441\u043c\u044b\u0441\u043b\u0435)&nbsp;\u0441\u043f\u043e\u0441\u043e\u0431 \u043f\u0440\u0435\u043e\u0431\u0440\u0430\u0437\u043e\u0432\u0430\u043d\u0438\u044f \u0432\u0435\u0449\u0435\u0441\u0442\u0432\u0430, \u044d\u043d\u0435\u0440\u0433\u0438\u0438, \u0438\u043d\u0444\u043e\u0440\u043c\u0430\u0446\u0438\u0438&nbsp;\u0432 \u043f\u0440\u043e\u0446\u0435\u0441\u0441\u0435 \u0438\u0437\u0433\u043e\u0442\u043e\u0432\u043b\u0435\u043d\u0438\u044f \u043f\u0440\u043e\u0434\u0443\u043a\u0446\u0438\u0438.<\/p>\n<p>\u041f\u043e\u043d\u044f\u0442\u0438\u0435 \u0442\u0435\u0445\u043d\u043e\u043b\u043e\u0433\u0438\u044f&nbsp;\u043e\u0431\u044a\u0435\u0434\u0438\u043d\u044f\u0435\u0442 \u043c\u0435\u0442\u043e\u0434\u044b \u0438 \u043f\u0440\u0438\u0435\u043c\u044b \u0440\u0430\u0431\u043e\u0442\u044b, \u043f\u043e\u0441\u043b\u0435\u0434\u043e\u0432\u0430\u0442\u0435\u043b\u044c\u043d\u043e\u0441\u0442\u044c \u043e\u043f\u0435\u0440\u0430\u0446\u0438\u0439, \u0441\u0440\u0435\u0434\u0441\u0442\u0432\u0430, \u043e\u0431\u043e\u0440\u0443\u0434\u043e\u0432\u0430\u043d\u0438\u0435, \u0438\u043d\u0441\u0442\u0440\u0443\u043c\u0435\u043d\u0442\u044b,&nbsp;\u043c\u0430\u0442\u0435\u0440\u0438\u0430\u043b\u044b \u0438\u0441\u043f\u043e\u043b\u044c\u0437\u0443\u0435\u043c\u044b\u0435 \u0434\u043b\u044f \u0442\u0440\u0443\u0434\u0430.<\/p>\n<p style=\"text-align: center;\"><a href=\"http:\/\/castle.pri.ee\/wp-content\/uploads\/2009\/06\/trud.jpg\" target=\"_new\"><img loading=\"lazy\" decoding=\"async\" class=\"size-thumbnail wp-image-470 aligncenter\" title=\"trud\" src=\"http:\/\/castle.pri.ee\/wp-content\/uploads\/2009\/06\/trud-150x150.jpg\" alt=\"trud\" width=\"150\" height=\"150\"\/><\/a><\/p>\n<p>\u041d\u0430 \u0443\u0440\u043e\u043a\u0430\u0445 \u0442\u0440\u0443\u0434\u0430 \u043d\u0430 \u043f\u0440\u0430\u043a\u0442\u0438\u043a\u0435 \u0438\u0441\u043f\u043e\u043b\u044c\u0437\u0443\u044e\u0442\u0441\u044f \u0437\u043d\u0430\u043d\u0438\u044f \u043f\u043e\u043b\u0443\u0447\u0435\u043d\u043d\u044b\u0435&nbsp;\u043d\u0430 \u0432\u0441\u0435\u0445 \u043f\u0440\u0435\u0434\u043c\u0435\u0442\u0430\u0445 \u0448\u043a\u043e\u043b\u044c\u043d\u043e\u0439 \u043f\u0440\u043e\u0433\u0440\u0430\u043c\u043c\u044b.<\/p>\n<p>\u0423\u0447\u0435\u0431\u043d\u044b\u0435 \u043c\u0430\u0442\u0435\u0440\u0438\u0430\u043b\u044b \u043f\u043e \u0442\u0440\u0443\u0434\u043e\u0432\u043e\u043c\u0443 \u0438 \u0442\u0435\u0445\u043d\u043e\u043b\u043e\u0433\u0438\u0447\u0435\u0441\u043a\u043e\u043c\u0443 \u043e\u0431\u0443\u0447\u0435\u043d\u0438\u044e.<\/p>\n<p><strong>\u0420\u0430\u0437\u0434\u0435\u043b &#171;\u0422\u0440\u0443\u0434&#187; \u0432\u043b\u044e\u0447\u0430\u0435\u0442 \u0432 \u0441\u0435\u0431\u044f \u0441\u043b\u0435\u0434\u0443\u044e\u0449\u0438\u0435 \u0442\u0435\u043c\u044b:<\/strong><\/p>\n<p><a title=\"\u041f\u043e\u0441\u0442\u043e\u044f\u043d\u043d\u0430\u044f \u0441\u0441\u044b\u043b\u043a\u0430 \u043d\u0430 \u0423\u0427\u0415\u0411\u041d\u0418\u041a 5 \u041a\u041b\u0410\u0421\u0421\" href=\"http:\/\/castle.pri.ee\/?page_id=4851\" target=\"_blank\" rel=\"bookmark noopener\">\u0423\u0427\u0415\u0411\u041d\u0418\u041a 5 \u041a\u041b\u0410\u0421\u0421<\/a><\/p>\n<p><span id=\"_marker\"> <\/span> <a title=\"\u0423\u0427\u0415\u0411\u041d\u0418\u041a 6 \u041a\u041b\u0410\u0421\u0421\" href=\"http:\/\/castle.pri.ee\/?page_id=4900\" target=\"_blank\" rel=\"noopener\">\u0423\u0427\u0415\u0411\u041d\u0418\u041a 6 \u041a\u041b\u0410\u0421\u0421<\/a><\/p>\n<p><a title=\"\u0423\u0427\u0415\u0411\u041d\u0418\u041a 7 \u041a\u041b\u0410\u0421\u0421\" href=\"http:\/\/castle.pri.ee\/?page_id=4955\" target=\"_blank\" rel=\"noopener\">\u0423\u0427\u0415\u0411\u041d\u0418\u041a 7 \u041a\u041b\u0410\u0421\u0421<\/a><\/p>\n<p><a title=\"\u0423\u0427\u0415\u0411\u041d\u0418\u041a 8 \u041a\u041b\u0410\u0421\u0421\" href=\"http:\/\/castle.pri.ee\/?page_id=4960\" target=\"_blank\" rel=\"noopener\">\u0423\u0427\u0415\u0411\u041d\u0418\u041a 8 \u041a\u041b\u0410\u0421\u0421<\/a><\/p>\n<p><a title=\"\u0423\u0427\u0415\u0411\u041d\u0418\u041a 9 \u041a\u041b\u0410\u0421\u0421\" href=\"http:\/\/castle.pri.ee\/?page_id=4965\" target=\"_blank\" rel=\"noopener\">\u0423\u0427\u0415\u0411\u041d\u0418\u041a 9 \u041a\u041b\u0410\u0421\u0421<\/a><\/p>\n<p><a title=\"POISTE T\u00d6\u00d6\u00d5PETUS V KLASS\" href=\"http:\/\/castle.pri.ee\/?page_id=3921\" target=\"_blank\" rel=\"noopener\">POISTE T\u00d6\u00d6\u00d5PETUS V KLASS<\/a><\/p>\n<p><strong>\u041a\u0440\u043e\u0441\u0441\u0432\u043e\u0440\u0434\u044b \u043f\u043e \u0442\u0435\u043c\u0435<\/strong><\/p>\n<p><a href=\"http:\/\/castle.pri.ee\/wp-content\/uploads\/2009\/06\/trud_tehnologija_1.htm\" target=\"_blank\" rel=\"noopener\">trud_tehnologija_1<\/a><br \/>\n<a href=\"http:\/\/castle.pri.ee\/wp-content\/uploads\/2009\/06\/trud_tehnologija_2.htm\" target=\"_blank\" rel=\"noopener\">trud_tehnologija_2<\/a><br \/>\n<a href=\"http:\/\/castle.pri.ee\/wp-content\/uploads\/2009\/06\/trud_tehnologija_3.htm\" target=\"_blank\" rel=\"noopener\">trud_tehnologija_3<\/a><\/p>\n<p>&nbsp;<\/p>\n<p>&nbsp;<\/p>\n<h3 class=\"title style-scope ytd-video-primary-info-renderer\">\u0422\u0440\u0443\u0434\u0438\u0442\u044c\u0441\u044f \u0441 \u0443\u0434\u043e\u0432\u043e\u043b\u044c\u0441\u0442\u0432\u0438\u0435\u043c<\/h3>\n<p><iframe loading=\"lazy\" title=\"\u0422\u0440\u0443\u0434\u0438\u0442\u044c\u0441\u044f \u0441 \u0443\u0434\u043e\u0432\u043e\u043b\u044c\u0441\u0442\u0432\u0438\u0435\u043c\" width=\"500\" height=\"281\" src=\"https:\/\/www.youtube.com\/embed\/6RrFUf9shUY?feature=oembed\" frameborder=\"0\" allow=\"accelerometer; autoplay; clipboard-write; encrypted-media; gyroscope; picture-in-picture; web-share\" referrerpolicy=\"strict-origin-when-cross-origin\" allowfullscreen><\/iframe><\/p>\n<h3 class=\"title style-scope ytd-video-primary-info-renderer\">\u0418\u0433\u0440\u044b \u043d\u0430 \u0443\u0440\u043e\u043a\u0430\u0445 \u0442\u0440\u0443\u0434\u0430<\/h3>\n<p><iframe loading=\"lazy\" title=\"\u0418\u0433\u0440\u044b \u043d\u0430 \u0443\u0440\u043e\u043a\u0430\u0445 \u0442\u0440\u0443\u0434\u0430\" width=\"500\" height=\"281\" src=\"https:\/\/www.youtube.com\/embed\/RsE4VaIQsDQ?feature=oembed\" frameborder=\"0\" allow=\"accelerometer; autoplay; clipboard-write; encrypted-media; gyroscope; picture-in-picture; web-share\" referrerpolicy=\"strict-origin-when-cross-origin\" allowfullscreen><\/iframe><\/p>\n<h3 class=\"title style-scope ytd-video-primary-info-renderer\">\u0422\u0440\u0443\u0434 \u0438 \u0440\u0430\u0431\u043e\u0442\u0430<\/h3>\n<p><iframe loading=\"lazy\" title=\"\u0422\u0440\u0443\u0434 \u0438 \u0440\u0430\u0431\u043e\u0442\u0430\" width=\"500\" height=\"281\" src=\"https:\/\/www.youtube.com\/embed\/StTTFIUjmn4?start=5&#038;feature=oembed\" frameborder=\"0\" allow=\"accelerometer; autoplay; clipboard-write; encrypted-media; gyroscope; picture-in-picture; web-share\" referrerpolicy=\"strict-origin-when-cross-origin\" allowfullscreen><\/iframe><\/p>\n<h3><strong>\u0411\u043e\u043b\u044c\u0448\u0435 \u0442\u0440\u0443\u0434\u0430<\/strong><\/h3>\n<p><iframe loading=\"lazy\" title=\"\u0411\u041e\u041b\u042c\u0428\u0415 \u0422\u0420\u0423\u0414\u0410\" width=\"500\" height=\"375\" src=\"https:\/\/www.youtube.com\/embed\/cYLUiN125SM?start=3&#038;feature=oembed\" frameborder=\"0\" allow=\"accelerometer; autoplay; clipboard-write; encrypted-media; gyroscope; picture-in-picture; web-share\" referrerpolicy=\"strict-origin-when-cross-origin\" allowfullscreen><\/iframe><\/p>\n<h3 class=\"title style-scope ytd-video-primary-info-renderer\">\u0423\u0440\u043e\u043a \u0432 \u0441\u0442\u0438\u043b\u0435 \u0441\u0442\u0435\u043d\u0434 \u0430\u043f<\/h3>\n<p><iframe loading=\"lazy\" title=\"\u0423\u0440\u043e\u043a \u0432 \u0441\u0442\u0438\u043b\u0435 \u0441\u0442\u0435\u043d\u0434 \u0430\u043f\" width=\"500\" height=\"281\" src=\"https:\/\/www.youtube.com\/embed\/2x_9ybpn-ZU?start=107&#038;feature=oembed\" frameborder=\"0\" allow=\"accelerometer; autoplay; clipboard-write; encrypted-media; gyroscope; picture-in-picture; web-share\" referrerpolicy=\"strict-origin-when-cross-origin\" allowfullscreen><\/iframe><\/p>\n<h3 class=\"title style-scope ytd-video-primary-info-renderer\">Presents<\/h3>\n<p><iframe loading=\"lazy\" title=\"Presents.wmv\" width=\"500\" height=\"281\" src=\"https:\/\/www.youtube.com\/embed\/Y42ZjnL7uyw?feature=oembed\" frameborder=\"0\" allow=\"accelerometer; autoplay; clipboard-write; encrypted-media; gyroscope; picture-in-picture; web-share\" referrerpolicy=\"strict-origin-when-cross-origin\" allowfullscreen><\/iframe><\/p>\n","protected":false},"excerpt":{"rendered":"<p>&#171;\u041d\u0430\u0434\u043e \u043f\u043e\u0441\u0442\u0430\u0432\u0438\u0442\u044c \u0441\u0432\u043e\u044e \u0436\u0438\u0437\u043d\u044c \u0432 \u0442\u0430\u043a\u0438\u0435 \u0443\u0441\u043b\u043e\u0432\u0438\u044f, \u0447\u0442\u043e\u0431\u044b \u0442\u0440\u0443\u0434 \u0431\u044b\u043b \u043d\u0435\u043e\u0431\u0445\u043e\u0434\u0438\u043c. \u0411\u0435\u0437 \u0442\u0440\u0443\u0434\u0430 \u043d\u0435 \u043c\u043e\u0436\u0435\u0442 \u0431\u044b\u0442\u044c \u0447\u0438\u0441\u0442\u043e\u0439 \u0438 \u0440\u0430\u0434\u043e\u0441\u0442\u043d\u043e\u0439 \u0436\u0438\u0437\u043d\u0438&#187;. \u0410.\u041f.\u0427\u0415\u0425\u041e\u0412 &nbsp; \u0422\u0440\u0443\u0434 \u0447\u0435\u043b\u043e\u0432\u0435\u043a\u0430 \u044f\u0432\u043b\u044f\u0435\u0442\u0441\u044f \u0444\u0438\u0437\u0438\u0447\u0435\u0441\u043a\u043e\u0439 \u043d\u0435\u043e\u0431\u0445\u043e\u0434\u0438\u043c\u043e\u0441\u0442\u044c\u044e \u0438&nbsp;\u0434\u0443\u0445\u043e\u0432\u043d\u043e\u0439 \u043f\u043e\u0442\u0440\u0435\u0431\u043d\u043e\u0441\u0442\u044c\u044e. \u0422\u0440\u0443\u0434 \u2013 \u044d\u0442\u043e \u0441\u043c\u044b\u0441\u043b \u0436\u0438\u0437\u043d\u0438 \u0447\u0435\u043b\u043e\u0432\u0435\u043a\u0430&nbsp;\u0438 \u043e\u0441\u043d\u043e\u0432\u043d\u043e\u0439 \u0441\u043f\u043e\u0441\u043e\u0431 \u0441\u0430\u043c\u043e\u0443\u0442\u0432\u0435\u0440\u0436\u0434\u0435\u043d\u0438\u044f \u0447\u0435\u043b\u043e\u0432\u0435\u043a\u0430 \u0432 \u043c\u0438\u0440\u0435. \u0412 \u0442\u0440\u0443\u0434\u0435 \u0441\u043e\u0432\u0435\u0440\u0448\u0435\u043d\u0441\u0442\u0432\u0443\u044e\u0442\u0441\u044f \u0444\u0438\u0437\u0438\u0447\u0435\u0441\u043a\u0438\u0435 \u0438&nbsp;\u0434\u0443\u0445\u043e\u0432\u043d\u044b\u0435 \u043a\u0430\u0447\u0435\u0441\u0442\u0432\u0430 \u0447\u0435\u043b\u043e\u0432\u0435\u043a\u0430. \u041f\u043e\u0447\u0442\u0438 \u0432\u043e \u0432\u0441\u0435\u0445 \u0440\u0435\u043b\u0438\u0433\u0438\u044f\u0445,&nbsp;\u0444\u0438\u043b\u043e\u0441\u043e\u0444\u0438\u044f\u0445, \u043a\u0443\u043b\u044c\u0442\u0443\u0440\u0430\u0445 \u0442\u0440\u0443\u0434, \u043d\u0430\u043f\u0440\u0430\u0432\u043b\u0435\u043d\u043d\u044b\u0439&nbsp;\u043d\u0430 [&hellip;]<\/p>\n","protected":false},"author":1,"featured_media":0,"parent":2,"menu_order":1,"comment_status":"closed","ping_status":"closed","template":"","meta":{"_monsterinsights_skip_tracking":false,"_monsterinsights_sitenote_active":false,"_monsterinsights_sitenote_note":"","_monsterinsights_sitenote_category":0,"ngg_post_thumbnail":0,"footnotes":""},"_links":{"self":[{"href":"http:\/\/castle.pri.ee\/index.php?rest_route=\/wp\/v2\/pages\/30"}],"collection":[{"href":"http:\/\/castle.pri.ee\/index.php?rest_route=\/wp\/v2\/pages"}],"about":[{"href":"http:\/\/castle.pri.ee\/index.php?rest_route=\/wp\/v2\/types\/page"}],"author":[{"embeddable":true,"href":"http:\/\/castle.pri.ee\/index.php?rest_route=\/wp\/v2\/users\/1"}],"replies":[{"embeddable":true,"href":"http:\/\/castle.pri.ee\/index.php?rest_route=%2Fwp%2Fv2%2Fcomments&post=30"}],"version-history":[{"count":38,"href":"http:\/\/castle.pri.ee\/index.php?rest_route=\/wp\/v2\/pages\/30\/revisions"}],"predecessor-version":[{"id":11131,"href":"http:\/\/castle.pri.ee\/index.php?rest_route=\/wp\/v2\/pages\/30\/revisions\/11131"}],"up":[{"embeddable":true,"href":"http:\/\/castle.pri.ee\/index.php?rest_route=\/wp\/v2\/pages\/2"}],"wp:attachment":[{"href":"http:\/\/castle.pri.ee\/index.php?rest_route=%2Fwp%2Fv2%2Fmedia&parent=30"}],"curies":[{"name":"wp","href":"https:\/\/api.w.org\/{rel}","templated":true}]}}