{"id":1282,"date":"2009-08-31T11:46:00","date_gmt":"2009-08-31T09:46:00","guid":{"rendered":"http:\/\/castle.pri.ee\/?page_id=1282"},"modified":"2013-02-12T07:54:51","modified_gmt":"2013-02-12T05:54:51","slug":"geomeetria","status":"publish","type":"page","link":"http:\/\/castle.pri.ee\/?page_id=1282","title":{"rendered":"Geomeetria"},"content":{"rendered":"<p><strong>\u041c\u0430\u0442\u0435\u043c\u0430\u0442\u0438\u0447\u0435\u0441\u043a\u0438\u0435 \u0444\u043e\u0440\u043c\u0443\u043b\u044b<\/strong><\/p>\n<p><a href=\"http:\/\/castle.pri.ee\/wp-content\/uploads\/2009\/08\/T\u00e4isnurkne-kolmnurk.jpg\" target=\"_new\"><img loading=\"lazy\" decoding=\"async\" class=\"aligncenter size-thumbnail wp-image-1317\" title=\"T\u00e4isnurkne kolmnurk\" alt=\"T\u00e4isnurkne kolmnurk\" src=\"http:\/\/castle.pri.ee\/wp-content\/uploads\/2009\/08\/T\u00e4isnurkne-kolmnurk-150x150.jpg\" width=\"150\" height=\"150\" \/><\/a><br \/>\n<a href=\"http:\/\/castle.pri.ee\/wp-content\/uploads\/2009\/08\/Ruut.jpg\" target=\"_new\"><img loading=\"lazy\" decoding=\"async\" class=\"aligncenter size-thumbnail wp-image-1314\" title=\"Ruut\" alt=\"Ruut\" src=\"http:\/\/castle.pri.ee\/wp-content\/uploads\/2009\/08\/Ruut-150x150.jpg\" width=\"150\" height=\"150\" \/><\/a><br \/>\n<a href=\"http:\/\/castle.pri.ee\/wp-content\/uploads\/2009\/08\/Kolmnurk.jpg\" target=\"_new\"><img loading=\"lazy\" decoding=\"async\" class=\"aligncenter size-thumbnail wp-image-1311\" title=\"Kolmnurk\" alt=\"Kolmnurk\" src=\"http:\/\/castle.pri.ee\/wp-content\/uploads\/2009\/08\/Kolmnurk-150x150.jpg\" width=\"150\" height=\"150\" \/><\/a><br \/>\n<a href=\"http:\/\/castle.pri.ee\/wp-content\/uploads\/2009\/08\/Ristk\u00fclik.jpg\" target=\"_new\"><img loading=\"lazy\" decoding=\"async\" class=\"aligncenter size-thumbnail wp-image-1309\" title=\"Ristk\u00fclik\" alt=\"Ristk\u00fclik\" src=\"http:\/\/castle.pri.ee\/wp-content\/uploads\/2009\/08\/Ristk\u00fclik-150x150.jpg\" width=\"150\" height=\"150\" \/><\/a><br \/>\n<a href=\"http:\/\/castle.pri.ee\/wp-content\/uploads\/2009\/08\/R\u00f6\u00f6pk\u00fclik.jpg\" target=\"_new\"><img loading=\"lazy\" decoding=\"async\" class=\"aligncenter size-thumbnail wp-image-1307\" title=\"R\u00f6\u00f6pk\u00fclik\" alt=\"R\u00f6\u00f6pk\u00fclik\" src=\"http:\/\/castle.pri.ee\/wp-content\/uploads\/2009\/08\/R\u00f6\u00f6pk\u00fclik-150x150.jpg\" width=\"150\" height=\"150\" \/><\/a><br \/>\n<a href=\"http:\/\/castle.pri.ee\/wp-content\/uploads\/2009\/08\/Ring.jpg\" target=\"_new\"><img loading=\"lazy\" decoding=\"async\" class=\"aligncenter size-thumbnail wp-image-1305\" title=\"Ring\" alt=\"Ring\" src=\"http:\/\/castle.pri.ee\/wp-content\/uploads\/2009\/08\/Ring-150x150.jpg\" width=\"150\" height=\"150\" \/><\/a><br \/>\n<a href=\"http:\/\/castle.pri.ee\/wp-content\/uploads\/2009\/08\/Romb.jpg\" target=\"_new\"><img loading=\"lazy\" decoding=\"async\" class=\"aligncenter size-thumbnail wp-image-1303\" title=\"Romb\" alt=\"Romb\" src=\"http:\/\/castle.pri.ee\/wp-content\/uploads\/2009\/08\/Romb-150x150.jpg\" width=\"150\" height=\"150\" \/><\/a><br \/>\n<a href=\"http:\/\/castle.pri.ee\/wp-content\/uploads\/2009\/08\/Risttahukas.jpg\" target=\"_new\"><img loading=\"lazy\" decoding=\"async\" class=\"aligncenter size-thumbnail wp-image-1301\" title=\"Risttahukas\" alt=\"Risttahukas\" src=\"http:\/\/castle.pri.ee\/wp-content\/uploads\/2009\/08\/Risttahukas-150x150.jpg\" width=\"150\" height=\"150\" \/><\/a><br \/>\n<a href=\"http:\/\/castle.pri.ee\/wp-content\/uploads\/2009\/08\/Trapets.jpg\" target=\"_new\"><img loading=\"lazy\" decoding=\"async\" class=\"aligncenter size-thumbnail wp-image-1299\" title=\"Trapets\" alt=\"Trapets\" src=\"http:\/\/castle.pri.ee\/wp-content\/uploads\/2009\/08\/Trapets-150x150.jpg\" width=\"150\" height=\"150\" \/><\/a><br \/>\n<a href=\"http:\/\/castle.pri.ee\/wp-content\/uploads\/2009\/08\/P\u00fcstprisma.jpg\" target=\"_new\"><img loading=\"lazy\" decoding=\"async\" class=\"aligncenter size-thumbnail wp-image-1296\" title=\"P\u00fcstprisma\" alt=\"P\u00fcstprisma\" src=\"http:\/\/castle.pri.ee\/wp-content\/uploads\/2009\/08\/P\u00fcstprisma-150x150.jpg\" width=\"150\" height=\"150\" \/><\/a><br \/>\n<a href=\"http:\/\/castle.pri.ee\/wp-content\/uploads\/2009\/08\/Kuup.jpg\" target=\"_new\"><img loading=\"lazy\" decoding=\"async\" class=\"aligncenter size-thumbnail wp-image-1294\" title=\"Kuup\" alt=\"Kuup\" src=\"http:\/\/castle.pri.ee\/wp-content\/uploads\/2009\/08\/Kuup-150x150.jpg\" width=\"150\" height=\"150\" \/><\/a><br \/>\n<a href=\"http:\/\/castle.pri.ee\/wp-content\/uploads\/2009\/08\/Silinder.jpg\" target=\"_new\"><img loading=\"lazy\" decoding=\"async\" class=\"aligncenter size-thumbnail wp-image-1292\" title=\"Silinder\" alt=\"Silinder\" src=\"http:\/\/castle.pri.ee\/wp-content\/uploads\/2009\/08\/Silinder-150x150.jpg\" width=\"150\" height=\"150\" \/><\/a><br \/>\n<a href=\"http:\/\/castle.pri.ee\/wp-content\/uploads\/2009\/08\/Koonus.jpg\" target=\"_new\"><img loading=\"lazy\" decoding=\"async\" class=\"aligncenter size-thumbnail wp-image-1290\" title=\"Koonus\" alt=\"Koonus\" src=\"http:\/\/castle.pri.ee\/wp-content\/uploads\/2009\/08\/Koonus-150x150.jpg\" width=\"150\" height=\"150\" \/><\/a><br \/>\n<a href=\"http:\/\/castle.pri.ee\/wp-content\/uploads\/2009\/08\/Korrap\u00e4rane-kolmnurkne-p\u00fcramiid.jpg\" target=\"_new\"><img loading=\"lazy\" decoding=\"async\" class=\"aligncenter size-thumbnail wp-image-1288\" title=\"Korrap\u00e4rane kolmnurkne p\u00fcramiid\" alt=\"Korrap\u00e4rane kolmnurkne p\u00fcramiid\" src=\"http:\/\/castle.pri.ee\/wp-content\/uploads\/2009\/08\/Korrap\u00e4rane-kolmnurkne-p\u00fcramiid-150x150.jpg\" width=\"150\" height=\"150\" \/><\/a><br \/>\n<a href=\"http:\/\/castle.pri.ee\/wp-content\/uploads\/2009\/08\/Kera.jpg\" target=\"_new\"><img loading=\"lazy\" decoding=\"async\" class=\"aligncenter size-thumbnail wp-image-1286\" title=\"Kera\" alt=\"Kera\" src=\"http:\/\/castle.pri.ee\/wp-content\/uploads\/2009\/08\/Kera-150x150.jpg\" width=\"150\" height=\"150\" \/><\/a><br \/>\n<a href=\"http:\/\/castle.pri.ee\/wp-content\/uploads\/2009\/08\/Parabool.jpg\" target=\"_new\"><img loading=\"lazy\" decoding=\"async\" class=\"aligncenter size-thumbnail wp-image-1284\" title=\"Parabool\" alt=\"Parabool\" src=\"http:\/\/castle.pri.ee\/wp-content\/uploads\/2009\/08\/Parabool-150x150.jpg\" width=\"150\" height=\"150\" \/><\/a><\/p>\n<p><script type=\"text\/javascript\">\/\/ < ![CDATA[\nvar gaJsHost = ((\"https:\" == document.location.protocol) ? \"https:\/\/ssl.\" : \"http:\/\/www.\");\ndocument.write(unescape(\"%3Cscript src='\" + gaJsHost + \"google-analytics.com\/ga.js' type='text\/javascript'%3E%3C\/script%3E\"));\n\/\/ ]]><\/script><br \/>\n<script type=\"text\/javascript\">\/\/ < ![CDATA[\ntry {\nvar pageTracker = _gat._getTracker(\"UA-7992157-8\");\npageTracker._trackPageview();\n} catch(err) {}\n\/\/ ]]><\/script><\/p>\n","protected":false},"excerpt":{"rendered":"<p>\u041c\u0430\u0442\u0435\u043c\u0430\u0442\u0438\u0447\u0435\u0441\u043a\u0438\u0435 \u0444\u043e\u0440\u043c\u0443\u043b\u044b<\/p>\n","protected":false},"author":1,"featured_media":0,"parent":33,"menu_order":4,"comment_status":"closed","ping_status":"closed","template":"","meta":{"_monsterinsights_skip_tracking":false,"_monsterinsights_sitenote_active":false,"_monsterinsights_sitenote_note":"","_monsterinsights_sitenote_category":0,"ngg_post_thumbnail":0,"footnotes":""},"_links":{"self":[{"href":"http:\/\/castle.pri.ee\/index.php?rest_route=\/wp\/v2\/pages\/1282"}],"collection":[{"href":"http:\/\/castle.pri.ee\/index.php?rest_route=\/wp\/v2\/pages"}],"about":[{"href":"http:\/\/castle.pri.ee\/index.php?rest_route=\/wp\/v2\/types\/page"}],"author":[{"embeddable":true,"href":"http:\/\/castle.pri.ee\/index.php?rest_route=\/wp\/v2\/users\/1"}],"replies":[{"embeddable":true,"href":"http:\/\/castle.pri.ee\/index.php?rest_route=%2Fwp%2Fv2%2Fcomments&post=1282"}],"version-history":[{"count":27,"href":"http:\/\/castle.pri.ee\/index.php?rest_route=\/wp\/v2\/pages\/1282\/revisions"}],"predecessor-version":[{"id":7785,"href":"http:\/\/castle.pri.ee\/index.php?rest_route=\/wp\/v2\/pages\/1282\/revisions\/7785"}],"up":[{"embeddable":true,"href":"http:\/\/castle.pri.ee\/index.php?rest_route=\/wp\/v2\/pages\/33"}],"wp:attachment":[{"href":"http:\/\/castle.pri.ee\/index.php?rest_route=%2Fwp%2Fv2%2Fmedia&parent=1282"}],"curies":[{"name":"wp","href":"https:\/\/api.w.org\/{rel}","templated":true}]}}